{"id":10856,"date":"2019-11-10T18:38:35","date_gmt":"2019-11-10T18:38:35","guid":{"rendered":"https:\/\/www.r-u-b.de\/forb\/einkauf-materialwirtschaft\/"},"modified":"2021-07-09T13:38:09","modified_gmt":"2021-07-09T12:38:09","slug":"adquisiciones-y-gestion-de-materiales","status":"publish","type":"page","link":"https:\/\/www.r-u-b.de\/es\/forb\/adquisiciones-y-gestion-de-materiales\/","title":{"rendered":"adquisiciones \/ gesti\u00f3n de materiales"},"content":{"rendered":"<p>[et_pb_section fb_built=&#8221;1&#8243; next_background_color=&#8221;#ffffff&#8221; admin_label=&#8221;Header Stammdatenverwaltung&#8221; _builder_version=&#8221;4.0.7&#8243; use_background_color_gradient=&#8221;on&#8221; background_color_gradient_start=&#8221;#312783&#8243; background_color_gradient_end=&#8221;#009fe3&#8243; background_color_gradient_direction=&#8221;70deg&#8221; background_color_gradient_overlays_image=&#8221;on&#8221; background_image=&#8221;https:\/\/www.r-u-b.de\/wp-content\/uploads\/2019\/11\/locksmith-29.jpg&#8221; custom_margin=&#8221;|||&#8221; custom_padding=&#8221;6vw||100px||false|false&#8221; bottom_divider_style=&#8221;mountains2&#8243; bottom_divider_repeat=&#8221;0.5x&#8221; bottom_divider_flip=&#8221;horizontal|vertical&#8221; da_disable_devices=&#8221;off|off|off&#8221; da_is_popup=&#8221;off&#8221; da_exit_intent=&#8221;off&#8221; da_has_close=&#8221;on&#8221; da_alt_close=&#8221;off&#8221; da_dark_close=&#8221;off&#8221; da_not_modal=&#8221;on&#8221; da_is_singular=&#8221;off&#8221; da_with_loader=&#8221;off&#8221; da_has_shadow=&#8221;on&#8221;][et_pb_row column_structure=&#8221;3_5,2_5&#8243; _builder_version=&#8221;4.0.7&#8243; max_width=&#8221;1098px&#8221; max_width_tablet=&#8221;&#8221; max_width_phone=&#8221;&#8221; max_width_last_edited=&#8221;on|desktop&#8221; custom_margin=&#8221;-50px||||false|false&#8221; custom_padding=&#8221;|0px|0|0px|false|false&#8221;][et_pb_column type=&#8221;3_5&#8243; _builder_version=&#8221;3.25&#8243; custom_padding=&#8221;|||&#8221; custom_padding__hover=&#8221;|||&#8221;][et_pb_text module_class=&#8221;sw-header&#8221; _builder_version=&#8221;4.9.7&#8243; text_font=&#8221;||||||||&#8221; header_font=&#8221;Open Sans||on||||||&#8221; header_font_size=&#8221;90px&#8221; header_line_height=&#8221;1.4em&#8221; header_2_font=&#8221;Josefin Sans||||||||&#8221; header_2_text_color=&#8221;rgba(255,255,255,0.6)&#8221; header_2_font_size=&#8221;32px&#8221; header_2_line_height=&#8221;1.4em&#8221; background_layout=&#8221;dark&#8221; custom_margin=&#8221;|-120px|||false|false&#8221; animation_style=&#8221;slide&#8221; animation_direction=&#8221;right&#8221; animation_intensity_slide=&#8221;4%&#8221; header_font_size_tablet=&#8221;50px&#8221; header_font_size_phone=&#8221;32px&#8221; header_font_size_last_edited=&#8221;on|desktop&#8221; header_2_font_size_tablet=&#8221;&#8221; header_2_font_size_phone=&#8221;24px&#8221; header_2_font_size_last_edited=&#8221;on|phone&#8221;]<\/p>\n<h1>FORB: adquisiciones y gesti\u00f3n de materiales<\/h1>\n<p>[\/et_pb_text][\/et_pb_column][et_pb_column type=&#8221;2_5&#8243; _builder_version=&#8221;3.25&#8243; custom_padding=&#8221;|||&#8221; custom_padding__hover=&#8221;|||&#8221;][et_pb_button button_url=&#8221;#daswichtigste&#8221; button_text=&#8221;7&#8243; button_alignment_tablet=&#8221;center&#8221; button_alignment_phone=&#8221;&#8221; button_alignment_last_edited=&#8221;on|tablet&#8221; module_class=&#8221;forb-hover&#8221; _builder_version=&#8221;4.9.7&#8243; custom_button=&#8221;on&#8221; button_text_size=&#8221;14px&#8221; button_text_color=&#8221;#ffffff&#8221; button_bg_color=&#8221;#decca6&#8243; button_border_width=&#8221;14px&#8221; button_border_color=&#8221;rgba(255,255,255,0)&#8221; button_border_radius=&#8221;0px&#8221; button_letter_spacing=&#8221;1px&#8221; button_font=&#8221;ElegantIcons|700||on|||||&#8221; button_use_icon=&#8221;off&#8221; custom_margin=&#8221;85px||||false|false&#8221; custom_margin_tablet=&#8221;0px||0px|&#8221; custom_margin_phone=&#8221;||0px|&#8221; custom_margin_last_edited=&#8221;off|desktop&#8221; custom_padding=&#8221;|||&#8221; animation_style=&#8221;slide&#8221; animation_direction=&#8221;right&#8221; animation_intensity_slide=&#8221;4%&#8221; box_shadow_style=&#8221;preset3&#8243; box_shadow_blur=&#8221;30px&#8221; box_shadow_color=&#8221;rgba(0,0,0,0.16)&#8221; button_border_radius_hover=&#8221;0px&#8221; button_letter_spacing_hover=&#8221;1px&#8221; locked=&#8221;off&#8221; button_text_size__hover_enabled=&#8221;off&#8221; button_one_text_size__hover_enabled=&#8221;off&#8221; button_two_text_size__hover_enabled=&#8221;off&#8221; button_text_color__hover_enabled=&#8221;off&#8221; button_one_text_color__hover_enabled=&#8221;off&#8221; button_two_text_color__hover_enabled=&#8221;off&#8221; button_border_width__hover_enabled=&#8221;off&#8221; button_one_border_width__hover_enabled=&#8221;off&#8221; button_two_border_width__hover_enabled=&#8221;off&#8221; button_border_color__hover_enabled=&#8221;off&#8221; button_one_border_color__hover_enabled=&#8221;off&#8221; button_two_border_color__hover_enabled=&#8221;off&#8221; button_border_radius__hover_enabled=&#8221;on&#8221; button_border_radius__hover=&#8221;0px&#8221; button_one_border_radius__hover_enabled=&#8221;off&#8221; button_two_border_radius__hover_enabled=&#8221;off&#8221; button_letter_spacing__hover_enabled=&#8221;on&#8221; button_letter_spacing__hover=&#8221;1px&#8221; button_one_letter_spacing__hover_enabled=&#8221;off&#8221; button_two_letter_spacing__hover_enabled=&#8221;off&#8221; button_bg_color__hover_enabled=&#8221;on|hover&#8221; button_one_bg_color__hover_enabled=&#8221;off&#8221; button_two_bg_color__hover_enabled=&#8221;off&#8221; button_bg_color__hover=&#8221;#152fa3&#8243; button_bg_enable_color__hover=&#8221;on&#8221;][\/et_pb_button][\/et_pb_column][\/et_pb_row][\/et_pb_section][et_pb_section fb_built=&#8221;1&#8243; custom_padding_last_edited=&#8221;off|desktop&#8221; admin_label=&#8221;Leistungsbaustein&#8221; module_id=&#8221;drehen-mit-3d&#8221; _builder_version=&#8221;4.0.7&#8243; custom_padding=&#8221;54px|0px|54px|0px|false|false&#8221; da_disable_devices=&#8221;off|off|off&#8221; da_is_popup=&#8221;off&#8221; da_exit_intent=&#8221;off&#8221; da_has_close=&#8221;on&#8221; da_alt_close=&#8221;off&#8221; da_dark_close=&#8221;off&#8221; da_not_modal=&#8221;on&#8221; da_is_singular=&#8221;off&#8221; da_with_loader=&#8221;off&#8221; da_has_shadow=&#8221;on&#8221;][et_pb_row column_structure=&#8221;1_2,1_2&#8243; admin_label=&#8221;FIBU&#8221; module_id=&#8221;drehen_mit 3d&#8221; _builder_version=&#8221;4.0.7&#8243; max_width=&#8221;1098px&#8221; max_width_tablet=&#8221;none&#8221; max_width_last_edited=&#8221;off|phone&#8221; custom_margin=&#8221;||||false|false&#8221; custom_margin_tablet=&#8221;|80px||80px|false|false&#8221; custom_margin_phone=&#8221;|30px||30px|false|false&#8221; custom_margin_last_edited=&#8221;on|phone&#8221; locked=&#8221;off&#8221;][et_pb_column type=&#8221;1_2&#8243; _builder_version=&#8221;3.25&#8243; custom_padding=&#8221;|||&#8221; custom_padding__hover=&#8221;|||&#8221;][et_pb_image src=&#8221;https:\/\/www.r-u-b.de\/wp-content\/uploads\/2020\/01\/Bestellungen.jpg&#8221; show_in_lightbox=&#8221;on&#8221; force_fullwidth=&#8221;on&#8221; align_tablet=&#8221;center&#8221; align_phone=&#8221;&#8221; align_last_edited=&#8221;on|desktop&#8221; _builder_version=&#8221;4.0.9&#8243; animation_style=&#8221;slide&#8221; animation_direction=&#8221;left&#8221; animation_intensity_slide=&#8221;10%&#8221; box_shadow_style=&#8221;preset2&#8243;][\/et_pb_image][et_pb_code _builder_version=&#8221;4.9.7&#8243;]Pedidos[\/et_pb_code][\/et_pb_column][et_pb_column type=&#8221;1_2&#8243; _builder_version=&#8221;3.25&#8243; custom_padding=&#8221;|||&#8221; custom_padding__hover=&#8221;|||&#8221;][et_pb_text _builder_version=&#8221;4.9.7&#8243; text_font=&#8221;Open Sans||||||||&#8221; text_font_size=&#8221;18px&#8221; text_line_height=&#8221;1.8em&#8221; header_font=&#8221;Poppins||||||||&#8221; header_2_font=&#8221;Poppins||||||||&#8221; header_2_font_size=&#8221;32px&#8221; header_2_line_height=&#8221;1.5em&#8221; header_3_font=&#8221;Poppins|700||on|||||&#8221; header_3_text_color=&#8221;rgba(43,51,68,0.2)&#8221; header_4_font=&#8221;Poppins||||||||&#8221; max_width=&#8221;700px&#8221; custom_margin=&#8221;||30px||false|false&#8221; custom_padding=&#8221;|||&#8221; animation_style=&#8221;slide&#8221; animation_direction=&#8221;right&#8221; animation_intensity_slide=&#8221;10%&#8221; locked=&#8221;off&#8221;]<\/p>\n<h2 class=\"two-unter\">De la administraci\u00f3n de cuentas a la entrada de mercanc\u00eda<\/h2>\n<h3>CONTABILIDAD FINANCIERA<\/h3>\n<p>Una administraci\u00f3n de cuentas comprensible y un registro de asientos sencillo constituyen una gran ventaja. El software es compatible con las soluciones de pago electr\u00f3nicas.<br \/>Adem\u00e1s, un procedimiento de an\u00e1lisis con evaluaci\u00f3n posterior permite ver con claridad la contabilidad financiera.<\/p>\n<p>[\/et_pb_text][\/et_pb_column][\/et_pb_row][et_pb_row column_structure=&#8221;1_2,1_2&#8243; admin_label=&#8221;Betriebsdatenerfassung&#8221; module_id=&#8221;drehen_mit 3d&#8221; _builder_version=&#8221;4.0.7&#8243; max_width=&#8221;1098px&#8221; max_width_tablet=&#8221;none&#8221; max_width_last_edited=&#8221;off|phone&#8221; custom_margin=&#8221;||||false|false&#8221; custom_margin_tablet=&#8221;|80px||80px|false|false&#8221; custom_margin_phone=&#8221;|30px||30px|false|false&#8221; custom_margin_last_edited=&#8221;on|phone&#8221; locked=&#8221;off&#8221;][et_pb_column type=&#8221;1_2&#8243; _builder_version=&#8221;3.25&#8243; custom_padding=&#8221;|||&#8221; custom_padding__hover=&#8221;|||&#8221;][et_pb_image src=&#8221;https:\/\/www.r-u-b.de\/wp-content\/uploads\/2020\/01\/R\u00fcckstandsliste-Bestellartikel.jpg&#8221; show_in_lightbox=&#8221;on&#8221; force_fullwidth=&#8221;on&#8221; align_tablet=&#8221;center&#8221; align_phone=&#8221;&#8221; align_last_edited=&#8221;on|desktop&#8221; _builder_version=&#8221;4.0.9&#8243; animation_style=&#8221;slide&#8221; animation_direction=&#8221;left&#8221; animation_intensity_slide=&#8221;10%&#8221; box_shadow_style=&#8221;preset2&#8243;][\/et_pb_image][et_pb_code admin_label=&#8221;C\u00f3digo&#8221; _builder_version=&#8221;4.9.7&#8243;]Lista de art\u00edculos de pedido pendientes[\/et_pb_code][et_pb_image src=&#8221;https:\/\/www.r-u-b.de\/wp-content\/uploads\/2020\/01\/R\u00fcckstandsliste-ausw\u00e4rtige-Fertigung.jpg&#8221; show_in_lightbox=&#8221;on&#8221; _builder_version=&#8221;4.0.9&#8243; box_shadow_style=&#8221;preset2&#8243;][\/et_pb_image][et_pb_code _builder_version=&#8221;4.9.7&#8243;]Lista de producci\u00f3n externa pendiente[\/et_pb_code][\/et_pb_column][et_pb_column type=&#8221;1_2&#8243; _builder_version=&#8221;3.25&#8243; custom_padding=&#8221;|||&#8221; custom_padding__hover=&#8221;|||&#8221;][et_pb_text _builder_version=&#8221;4.9.7&#8243; text_font=&#8221;Open Sans||||||||&#8221; text_font_size=&#8221;18px&#8221; text_line_height=&#8221;1.8em&#8221; header_font=&#8221;Poppins||||||||&#8221; header_2_font=&#8221;Josefin Sans|700|||||||&#8221; header_2_font_size=&#8221;32px&#8221; header_2_line_height=&#8221;1.5em&#8221; header_3_font=&#8221;Poppins|700||on|||||&#8221; header_3_text_color=&#8221;rgba(43,51,68,0.2)&#8221; header_4_font=&#8221;Poppins||||||||&#8221; max_width=&#8221;700px&#8221; custom_margin=&#8221;||30px||false|false&#8221; custom_padding=&#8221;|||&#8221; animation_style=&#8221;slide&#8221; animation_direction=&#8221;right&#8221; animation_intensity_slide=&#8221;10%&#8221; locked=&#8221;off&#8221;]<\/p>\n<h3>REGISTRO DE DATOS OPERATIVOS<\/h3>\n<p>El software hace que resulte sencillo crear una buena estructura para la entrada de mercanc\u00eda y para tramitar las facturas recibidas. Los pedidos se registran como terminados digitalmente, y tambi\u00e9n se deja constancia de los registros y desregistros de los pedidos de producci\u00f3n. De este modo, podr\u00e1 hacerse una imagen general de todo lo importante.<\/p>\n<p>[\/et_pb_text][\/et_pb_column][\/et_pb_row][\/et_pb_section][et_pb_section fb_built=&#8221;1&#8243; custom_padding_last_edited=&#8221;off|desktop&#8221; admin_label=&#8221;\u00dcbersicht Leistungen&#8221; module_id=&#8221;daswichtigste&#8221; _builder_version=&#8221;4.0.7&#8243; background_color=&#8221;rgba(214,214,214,0.24)&#8221; use_background_color_gradient=&#8221;on&#8221; background_color_gradient_start=&#8221;rgba(0,0,0,0)&#8221; background_color_gradient_end=&#8221;rgba(0,0,0,0)&#8221; background_color_gradient_direction=&#8221;1deg&#8221; background_color_gradient_start_position=&#8221;32%&#8221; custom_padding=&#8221;|||&#8221; custom_padding_phone=&#8221;100px||100px|&#8221; da_disable_devices=&#8221;off|off|off&#8221; locked=&#8221;off&#8221; da_is_popup=&#8221;off&#8221; da_exit_intent=&#8221;off&#8221; da_has_close=&#8221;on&#8221; da_alt_close=&#8221;off&#8221; da_dark_close=&#8221;off&#8221; da_not_modal=&#8221;on&#8221; da_is_singular=&#8221;off&#8221; da_with_loader=&#8221;off&#8221; da_has_shadow=&#8221;on&#8221;][et_pb_row admin_label=&#8221;\u00dcberschrift&#8221; _builder_version=&#8221;4.0.7&#8243;][et_pb_column type=&#8221;4_4&#8243; _builder_version=&#8221;4.0.7&#8243;][et_pb_text _builder_version=&#8221;4.9.7&#8243; header_2_font=&#8221;Poppins||||||||&#8221;]<\/p>\n<h2>Lo m\u00e1s importante de un vistazo<\/h2>\n<p>Este componente le permite mantener el control sobre los m\u00f3dulos siguientes:<\/p>\n<p>[\/et_pb_text][\/et_pb_column][\/et_pb_row][et_pb_row column_structure=&#8221;1_2,1_2&#8243; admin_label=&#8221;Aufz\u00e4hlung&#8221; module_class=&#8221;wplo-bullet forb&#8221; _builder_version=&#8221;4.0.7&#8243; animation_style=&#8221;slide&#8221; animation_direction=&#8221;bottom&#8221;][et_pb_column type=&#8221;1_2&#8243; _builder_version=&#8221;4.0.7&#8243;][et_pb_text _builder_version=&#8221;4.9.7&#8243;]<\/p>\n<ul>\n<li>Disposici\u00f3n autom\u00e1tica de materiales<\/li>\n<li>Sugerencias de compra<\/li>\n<li>Sugerencias de compra autom\u00e1ticas<\/li>\n<li>Consulta a proveedores<\/li>\n<li>Administraci\u00f3n de pedidos<\/li>\n<li>Supervisi\u00f3n de pedidos<\/li>\n<\/ul>\n<p>[\/et_pb_text][\/et_pb_column][et_pb_column type=&#8221;1_2&#8243; _builder_version=&#8221;4.0.7&#8243;][et_pb_text _builder_version=&#8221;4.9.7&#8243;]<\/p>\n<ul>\n<li>Recepci\u00f3n de mercanc\u00eda<\/li>\n<li>Facturas recibidas<\/li>\n<li>Recordatorio de pedidos<\/li>\n<li>Control de inventario<\/li>\n<li>Evaluaci\u00f3n de inventario<\/li>\n<\/ul>\n<p>[\/et_pb_text][\/et_pb_column][\/et_pb_row][\/et_pb_section][et_pb_section fb_built=&#8221;1&#8243; admin_label=&#8221;Testen Sie FORB&#8221; _builder_version=&#8221;4.0.7&#8243; use_background_color_gradient=&#8221;on&#8221; background_color_gradient_start=&#8221;rgba(49,39,131,0.7)&#8221; background_color_gradient_end=&#8221;rgba(0,159,227,0.7)&#8221; background_color_gradient_direction=&#8221;60deg&#8221; background_color_gradient_overlays_image=&#8221;on&#8221; background_image=&#8221;https:\/\/www.r-u-b.de\/wp-content\/uploads\/2019\/12\/AdobeStock_224401940-1920.jpg&#8221; custom_padding=&#8221;100px|0px|100px|0px&#8221; da_disable_devices=&#8221;off|off|off&#8221; locked=&#8221;off&#8221; da_is_popup=&#8221;off&#8221; da_exit_intent=&#8221;off&#8221; da_has_close=&#8221;on&#8221; da_alt_close=&#8221;off&#8221; da_dark_close=&#8221;off&#8221; da_not_modal=&#8221;on&#8221; da_is_singular=&#8221;off&#8221; da_with_loader=&#8221;off&#8221; da_has_shadow=&#8221;on&#8221;][et_pb_row _builder_version=&#8221;4.0.7&#8243; animation_style=&#8221;slide&#8221; animation_direction=&#8221;bottom&#8221; animation_intensity_slide=&#8221;10%&#8221;][et_pb_column type=&#8221;4_4&#8243; _builder_version=&#8221;4.0.7&#8243;][et_pb_text _builder_version=&#8221;4.9.7&#8243; text_text_color=&#8221;#ffffff&#8221;]<\/p>\n<p style=\"text-align: center;\">\u00bfLe interesa? Escr\u00edbanos utilizando nuestro formulario de contacto.<\/p>\n<p>[\/et_pb_text][et_pb_button button_url=&#8221;https:\/\/www.r-u-b.de\/es\/contacto\/&#8221; button_text=&#8221;formulario de contacto&#8221; button_alignment=&#8221;center&#8221; admin_label=&#8221;Kontakt&#8221; module_class=&#8221;forb-hover&#8221; _builder_version=&#8221;4.9.7&#8243; custom_button=&#8221;on&#8221; button_bg_color=&#8221;#decca6&#8243; button_bg_color__hover_enabled=&#8221;on|hover&#8221; button_bg_color__hover=&#8221;#152fa3&#8243; button_bg_enable_color__hover=&#8221;on&#8221;][\/et_pb_button][\/et_pb_column][\/et_pb_row][\/et_pb_section]<\/p>\n","protected":false},"excerpt":{"rendered":"<p>FORB: adquisiciones y gesti\u00f3n de materialesDe la administraci\u00f3n de cuentas a la entrada de mercanc\u00eda CONTABILIDAD FINANCIERA Una administraci\u00f3n de cuentas comprensible y un registro de asientos sencillo constituyen una gran ventaja. El software es compatible con las soluciones de pago electr\u00f3nicas.Adem\u00e1s, un procedimiento de an\u00e1lisis con evaluaci\u00f3n posterior permite ver con claridad la contabilidad [&hellip;]<\/p>\n","protected":false},"author":1,"featured_media":0,"parent":10805,"menu_order":0,"comment_status":"closed","ping_status":"closed","template":"","meta":{"_et_pb_use_builder":"on","_et_pb_old_content":"","_et_gb_content_width":"","footnotes":""},"class_list":["post-10856","page","type-page","status-publish","hentry"],"yoast_head":"<!-- This site is optimized with the Yoast SEO plugin v27.3 - https:\/\/yoast.com\/product\/yoast-seo-wordpress\/ -->\n<title>adquisiciones \/ gesti\u00f3n de materiales - R+B Entwicklungs- und Vertriebs GmbH<\/title>\n<meta name=\"description\" content=\"FORB: Gestione todo, desde la gesti\u00f3n de cuentas hasta la recepci\u00f3n de mercanc\u00edas, de forma sencilla y estructurada con este m\u00f3dulo.\" \/>\n<meta name=\"robots\" content=\"index, follow, max-snippet:-1, max-image-preview:large, max-video-preview:-1\" \/>\n<link rel=\"canonical\" href=\"https:\/\/www.r-u-b.de\/es\/forb\/adquisiciones-y-gestion-de-materiales\/\" \/>\n<meta property=\"og:locale\" content=\"es_ES\" \/>\n<meta property=\"og:type\" content=\"article\" \/>\n<meta property=\"og:title\" content=\"adquisiciones \/ gesti\u00f3n de materiales - R+B Entwicklungs- und Vertriebs GmbH\" \/>\n<meta property=\"og:description\" content=\"FORB: Gestione todo, desde la gesti\u00f3n de cuentas hasta la recepci\u00f3n de mercanc\u00edas, de forma sencilla y estructurada con este m\u00f3dulo.\" \/>\n<meta property=\"og:url\" content=\"https:\/\/www.r-u-b.de\/es\/forb\/adquisiciones-y-gestion-de-materiales\/\" \/>\n<meta property=\"og:site_name\" content=\"R+B Entwicklungs- und Vertriebs GmbH\" \/>\n<meta property=\"article:publisher\" content=\"https:\/\/www.facebook.com\/RuB.Entwicklung\/\" \/>\n<meta property=\"article:modified_time\" content=\"2021-07-09T12:38:09+00:00\" \/>\n<meta property=\"og:image\" content=\"https:\/\/www.r-u-b.de\/wp-content\/uploads\/2019\/10\/RB-Logo.jpg\" \/>\n\t<meta property=\"og:image:width\" content=\"230\" \/>\n\t<meta property=\"og:image:height\" content=\"219\" \/>\n\t<meta property=\"og:image:type\" content=\"image\/jpeg\" \/>\n<meta name=\"twitter:label1\" content=\"Tiempo de lectura\" \/>\n\t<meta name=\"twitter:data1\" content=\"8 minutos\" \/>\n<script type=\"application\/ld+json\" class=\"yoast-schema-graph\">{\"@context\":\"https:\\\/\\\/schema.org\",\"@graph\":[{\"@type\":\"WebPage\",\"@id\":\"https:\\\/\\\/www.r-u-b.de\\\/es\\\/forb\\\/adquisiciones-y-gestion-de-materiales\\\/\",\"url\":\"https:\\\/\\\/www.r-u-b.de\\\/es\\\/forb\\\/adquisiciones-y-gestion-de-materiales\\\/\",\"name\":\"adquisiciones \\\/ gesti\u00f3n de materiales - R+B Entwicklungs- und Vertriebs GmbH\",\"isPartOf\":{\"@id\":\"https:\\\/\\\/www.r-u-b.de\\\/es\\\/#website\"},\"datePublished\":\"2019-11-10T18:38:35+00:00\",\"dateModified\":\"2021-07-09T12:38:09+00:00\",\"description\":\"FORB: Gestione todo, desde la gesti\u00f3n de cuentas hasta la recepci\u00f3n de mercanc\u00edas, de forma sencilla y estructurada con este m\u00f3dulo.\",\"breadcrumb\":{\"@id\":\"https:\\\/\\\/www.r-u-b.de\\\/es\\\/forb\\\/adquisiciones-y-gestion-de-materiales\\\/#breadcrumb\"},\"inLanguage\":\"es\",\"potentialAction\":[{\"@type\":\"ReadAction\",\"target\":[\"https:\\\/\\\/www.r-u-b.de\\\/es\\\/forb\\\/adquisiciones-y-gestion-de-materiales\\\/\"]}]},{\"@type\":\"BreadcrumbList\",\"@id\":\"https:\\\/\\\/www.r-u-b.de\\\/es\\\/forb\\\/adquisiciones-y-gestion-de-materiales\\\/#breadcrumb\",\"itemListElement\":[{\"@type\":\"ListItem\",\"position\":1,\"name\":\"Startseite\",\"item\":\"https:\\\/\\\/www.r-u-b.de\\\/es\\\/\"},{\"@type\":\"ListItem\",\"position\":2,\"name\":\"FORB\",\"item\":\"https:\\\/\\\/www.r-u-b.de\\\/es\\\/forb\\\/\"},{\"@type\":\"ListItem\",\"position\":3,\"name\":\"adquisiciones \\\/ gesti\u00f3n de materiales\"}]},{\"@type\":\"WebSite\",\"@id\":\"https:\\\/\\\/www.r-u-b.de\\\/es\\\/#website\",\"url\":\"https:\\\/\\\/www.r-u-b.de\\\/es\\\/\",\"name\":\"R+B Entwicklungs- und Vertriebs GmbH\",\"description\":\"Software- und Prozessl\u00f6sungen f\u00fcr den Fertigungsbereich\",\"publisher\":{\"@id\":\"https:\\\/\\\/www.r-u-b.de\\\/es\\\/#organization\"},\"potentialAction\":[{\"@type\":\"SearchAction\",\"target\":{\"@type\":\"EntryPoint\",\"urlTemplate\":\"https:\\\/\\\/www.r-u-b.de\\\/es\\\/?s={search_term_string}\"},\"query-input\":{\"@type\":\"PropertyValueSpecification\",\"valueRequired\":true,\"valueName\":\"search_term_string\"}}],\"inLanguage\":\"es\"},{\"@type\":\"Organization\",\"@id\":\"https:\\\/\\\/www.r-u-b.de\\\/es\\\/#organization\",\"name\":\"R+B Entwicklungs- und Vertriebs GmbH\",\"url\":\"https:\\\/\\\/www.r-u-b.de\\\/es\\\/\",\"logo\":{\"@type\":\"ImageObject\",\"inLanguage\":\"es\",\"@id\":\"https:\\\/\\\/www.r-u-b.de\\\/es\\\/#\\\/schema\\\/logo\\\/image\\\/\",\"url\":\"https:\\\/\\\/www.r-u-b.de\\\/wp-content\\\/uploads\\\/2019\\\/10\\\/logo_RB.png\",\"contentUrl\":\"https:\\\/\\\/www.r-u-b.de\\\/wp-content\\\/uploads\\\/2019\\\/10\\\/logo_RB.png\",\"width\":108,\"height\":98,\"caption\":\"R+B Entwicklungs- und Vertriebs GmbH\"},\"image\":{\"@id\":\"https:\\\/\\\/www.r-u-b.de\\\/es\\\/#\\\/schema\\\/logo\\\/image\\\/\"},\"sameAs\":[\"https:\\\/\\\/www.facebook.com\\\/RuB.Entwicklung\\\/\",\"https:\\\/\\\/www.linkedin.com\\\/company\\\/r-&amp;-b-entwicklungs--und-vertriebs-gmbh\\\/\",\"https:\\\/\\\/www.youtube.com\\\/channel\\\/UC-FI5SwGxjynz0oAB19sJvQ\"]}]}<\/script>\n<!-- \/ Yoast SEO plugin. -->","yoast_head_json":{"title":"adquisiciones \/ gesti\u00f3n de materiales - R+B Entwicklungs- und Vertriebs GmbH","description":"FORB: Gestione todo, desde la gesti\u00f3n de cuentas hasta la recepci\u00f3n de mercanc\u00edas, de forma sencilla y estructurada con este m\u00f3dulo.","robots":{"index":"index","follow":"follow","max-snippet":"max-snippet:-1","max-image-preview":"max-image-preview:large","max-video-preview":"max-video-preview:-1"},"canonical":"https:\/\/www.r-u-b.de\/es\/forb\/adquisiciones-y-gestion-de-materiales\/","og_locale":"es_ES","og_type":"article","og_title":"adquisiciones \/ gesti\u00f3n de materiales - R+B Entwicklungs- und Vertriebs GmbH","og_description":"FORB: Gestione todo, desde la gesti\u00f3n de cuentas hasta la recepci\u00f3n de mercanc\u00edas, de forma sencilla y estructurada con este m\u00f3dulo.","og_url":"https:\/\/www.r-u-b.de\/es\/forb\/adquisiciones-y-gestion-de-materiales\/","og_site_name":"R+B Entwicklungs- und Vertriebs GmbH","article_publisher":"https:\/\/www.facebook.com\/RuB.Entwicklung\/","article_modified_time":"2021-07-09T12:38:09+00:00","og_image":[{"width":230,"height":219,"url":"https:\/\/www.r-u-b.de\/wp-content\/uploads\/2019\/10\/RB-Logo.jpg","type":"image\/jpeg"}],"twitter_misc":{"Tiempo de lectura":"8 minutos"},"schema":{"@context":"https:\/\/schema.org","@graph":[{"@type":"WebPage","@id":"https:\/\/www.r-u-b.de\/es\/forb\/adquisiciones-y-gestion-de-materiales\/","url":"https:\/\/www.r-u-b.de\/es\/forb\/adquisiciones-y-gestion-de-materiales\/","name":"adquisiciones \/ gesti\u00f3n de materiales - R+B Entwicklungs- und Vertriebs GmbH","isPartOf":{"@id":"https:\/\/www.r-u-b.de\/es\/#website"},"datePublished":"2019-11-10T18:38:35+00:00","dateModified":"2021-07-09T12:38:09+00:00","description":"FORB: Gestione todo, desde la gesti\u00f3n de cuentas hasta la recepci\u00f3n de mercanc\u00edas, de forma sencilla y estructurada con este m\u00f3dulo.","breadcrumb":{"@id":"https:\/\/www.r-u-b.de\/es\/forb\/adquisiciones-y-gestion-de-materiales\/#breadcrumb"},"inLanguage":"es","potentialAction":[{"@type":"ReadAction","target":["https:\/\/www.r-u-b.de\/es\/forb\/adquisiciones-y-gestion-de-materiales\/"]}]},{"@type":"BreadcrumbList","@id":"https:\/\/www.r-u-b.de\/es\/forb\/adquisiciones-y-gestion-de-materiales\/#breadcrumb","itemListElement":[{"@type":"ListItem","position":1,"name":"Startseite","item":"https:\/\/www.r-u-b.de\/es\/"},{"@type":"ListItem","position":2,"name":"FORB","item":"https:\/\/www.r-u-b.de\/es\/forb\/"},{"@type":"ListItem","position":3,"name":"adquisiciones \/ gesti\u00f3n de materiales"}]},{"@type":"WebSite","@id":"https:\/\/www.r-u-b.de\/es\/#website","url":"https:\/\/www.r-u-b.de\/es\/","name":"R+B Entwicklungs- und Vertriebs GmbH","description":"Software- und Prozessl\u00f6sungen f\u00fcr den Fertigungsbereich","publisher":{"@id":"https:\/\/www.r-u-b.de\/es\/#organization"},"potentialAction":[{"@type":"SearchAction","target":{"@type":"EntryPoint","urlTemplate":"https:\/\/www.r-u-b.de\/es\/?s={search_term_string}"},"query-input":{"@type":"PropertyValueSpecification","valueRequired":true,"valueName":"search_term_string"}}],"inLanguage":"es"},{"@type":"Organization","@id":"https:\/\/www.r-u-b.de\/es\/#organization","name":"R+B Entwicklungs- und Vertriebs GmbH","url":"https:\/\/www.r-u-b.de\/es\/","logo":{"@type":"ImageObject","inLanguage":"es","@id":"https:\/\/www.r-u-b.de\/es\/#\/schema\/logo\/image\/","url":"https:\/\/www.r-u-b.de\/wp-content\/uploads\/2019\/10\/logo_RB.png","contentUrl":"https:\/\/www.r-u-b.de\/wp-content\/uploads\/2019\/10\/logo_RB.png","width":108,"height":98,"caption":"R+B Entwicklungs- und Vertriebs GmbH"},"image":{"@id":"https:\/\/www.r-u-b.de\/es\/#\/schema\/logo\/image\/"},"sameAs":["https:\/\/www.facebook.com\/RuB.Entwicklung\/","https:\/\/www.linkedin.com\/company\/r-&amp;-b-entwicklungs--und-vertriebs-gmbh\/","https:\/\/www.youtube.com\/channel\/UC-FI5SwGxjynz0oAB19sJvQ"]}]}},"_links":{"self":[{"href":"https:\/\/www.r-u-b.de\/es\/wp-json\/wp\/v2\/pages\/10856","targetHints":{"allow":["GET"]}}],"collection":[{"href":"https:\/\/www.r-u-b.de\/es\/wp-json\/wp\/v2\/pages"}],"about":[{"href":"https:\/\/www.r-u-b.de\/es\/wp-json\/wp\/v2\/types\/page"}],"author":[{"embeddable":true,"href":"https:\/\/www.r-u-b.de\/es\/wp-json\/wp\/v2\/users\/1"}],"replies":[{"embeddable":true,"href":"https:\/\/www.r-u-b.de\/es\/wp-json\/wp\/v2\/comments?post=10856"}],"version-history":[{"count":0,"href":"https:\/\/www.r-u-b.de\/es\/wp-json\/wp\/v2\/pages\/10856\/revisions"}],"up":[{"embeddable":true,"href":"https:\/\/www.r-u-b.de\/es\/wp-json\/wp\/v2\/pages\/10805"}],"wp:attachment":[{"href":"https:\/\/www.r-u-b.de\/es\/wp-json\/wp\/v2\/media?parent=10856"}],"curies":[{"name":"wp","href":"https:\/\/api.w.org\/{rel}","templated":true}]}}