{"id":11004,"date":"2019-12-10T13:52:12","date_gmt":"2019-12-10T13:52:12","guid":{"rendered":"https:\/\/www.r-u-b.de\/opus\/fraes-und-bohrbearbeitung\/"},"modified":"2021-07-12T11:46:33","modified_gmt":"2021-07-12T10:46:33","slug":"fresado-y-perforacion","status":"publish","type":"page","link":"https:\/\/www.r-u-b.de\/es\/opus\/fresado-y-perforacion\/","title":{"rendered":"Fresado y Perforacion"},"content":{"rendered":"<p>[et_pb_section fb_built=&#8221;1&#8243; next_background_color=&#8221;#ffffff&#8221; admin_label=&#8221;Hero&#8221; _builder_version=&#8221;4.0.7&#8243; use_background_color_gradient=&#8221;on&#8221; background_color_gradient_start=&#8221;#312783&#8243; background_color_gradient_end=&#8221;#009fe3&#8243; background_color_gradient_direction=&#8221;70deg&#8221; background_color_gradient_overlays_image=&#8221;on&#8221; background_image=&#8221;https:\/\/www.r-u-b.de\/wp-content\/uploads\/2019\/11\/locksmith-29.jpg&#8221; min_height=&#8221;450px&#8221; custom_margin=&#8221;|||&#8221; custom_padding=&#8221;6vw||100px||false|false&#8221; bottom_divider_style=&#8221;mountains2&#8243; bottom_divider_repeat=&#8221;0.5x&#8221; bottom_divider_flip=&#8221;horizontal|vertical&#8221; da_disable_devices=&#8221;off|off|off&#8221; locked=&#8221;off&#8221; da_is_popup=&#8221;off&#8221; da_exit_intent=&#8221;off&#8221; da_has_close=&#8221;on&#8221; da_alt_close=&#8221;off&#8221; da_dark_close=&#8221;off&#8221; da_not_modal=&#8221;on&#8221; da_is_singular=&#8221;off&#8221; da_with_loader=&#8221;off&#8221; da_has_shadow=&#8221;on&#8221;][et_pb_row column_structure=&#8221;1_2,1_2&#8243; _builder_version=&#8221;4.0.2&#8243; max_width=&#8221;1098px&#8221; max_width_tablet=&#8221;&#8221; max_width_phone=&#8221;&#8221; max_width_last_edited=&#8221;on|desktop&#8221; custom_margin=&#8221;|||&#8221; custom_padding=&#8221;27px|0px|0|0px|false|false&#8221;][et_pb_column type=&#8221;1_2&#8243; _builder_version=&#8221;3.25&#8243; custom_padding=&#8221;|||&#8221; custom_padding__hover=&#8221;|||&#8221;][et_pb_text _builder_version=&#8221;4.9.7&#8243; text_font=&#8221;||||||||&#8221; header_font=&#8221;Open Sans||on||||||&#8221; header_font_size=&#8221;90px&#8221; header_line_height=&#8221;1.4em&#8221; header_2_font=&#8221;Josefin Sans||||||||&#8221; header_2_text_color=&#8221;rgba(255,255,255,0.6)&#8221; header_2_font_size=&#8221;32px&#8221; header_2_line_height=&#8221;1.4em&#8221; header_3_font=&#8221;Poppins||||||||&#8221; background_layout=&#8221;dark&#8221; animation_style=&#8221;slide&#8221; animation_direction=&#8221;right&#8221; animation_duration=&#8221;700ms&#8221; animation_intensity_slide=&#8221;4%&#8221; header_font_size_tablet=&#8221;50px&#8221; header_font_size_phone=&#8221;32px&#8221; header_font_size_last_edited=&#8221;on|desktop&#8221; header_2_font_size_tablet=&#8221;&#8221; header_2_font_size_phone=&#8221;24px&#8221; header_2_font_size_last_edited=&#8221;on|phone&#8221;]<\/p>\n<h1>OPUS: m\u00f3dulo de<\/h1>\n<h3>Fresado y perforaci\u00f3n<\/h3>\n<p>[\/et_pb_text][\/et_pb_column][et_pb_column type=&#8221;1_2&#8243; _builder_version=&#8221;4.0.2&#8243;][et_pb_image src=&#8221;https:\/\/www.r-u-b.de\/wp-content\/uploads\/2019\/12\/fraesteil-n.jpg&#8221; show_in_lightbox=&#8221;on&#8221; _builder_version=&#8221;4.0.9&#8243; max_width=&#8221;70%&#8221; animation_style=&#8221;slide&#8221; animation_direction=&#8221;right&#8221; animation_duration=&#8221;700ms&#8221; animation_intensity_slide=&#8221;4%&#8221; box_shadow_style=&#8221;preset1&#8243;][\/et_pb_image][\/et_pb_column][\/et_pb_row][\/et_pb_section][et_pb_section fb_built=&#8221;1&#8243; admin_label=&#8221;History&#8221; module_id=&#8221;drehbearbeitung&#8221; _builder_version=&#8221;4.0.7&#8243; da_disable_devices=&#8221;off|off|off&#8221; da_is_popup=&#8221;off&#8221; da_exit_intent=&#8221;off&#8221; da_has_close=&#8221;on&#8221; da_alt_close=&#8221;off&#8221; da_dark_close=&#8221;off&#8221; da_not_modal=&#8221;on&#8221; da_is_singular=&#8221;off&#8221; da_with_loader=&#8221;off&#8221; da_has_shadow=&#8221;on&#8221;][et_pb_row _builder_version=&#8221;3.25&#8243; custom_margin=&#8221;|||&#8221; custom_padding=&#8221;|||&#8221;][et_pb_column type=&#8221;4_4&#8243; _builder_version=&#8221;3.25&#8243; custom_padding=&#8221;|||&#8221; custom_padding__hover=&#8221;|||&#8221;][et_pb_text content_tablet=&#8221;<\/p>\n<p>Fr\u00e4s-\/Bohrbearbeitung<\/p>\n<h2>Modulbeschreibung<\/h2>\n<p>&#8221; content_phone=&#8221;<\/p>\n<p>Fr\u00e4s-\/Bohrbearbeitung<\/p>\n<h2>Modulbe\u00adschreibung<\/h2>\n<p>&#8221; content_last_edited=&#8221;on|tablet&#8221; _builder_version=&#8221;4.9.7&#8243; text_font=&#8221;||||||||&#8221; text_text_color=&#8221;rgba(0,0,0,0.02)&#8221; text_font_size=&#8221;65px&#8221; text_line_height=&#8221;0.2em&#8221; header_font=&#8221;||||||||&#8221; header_2_font=&#8221;Poppins||||||||&#8221; header_2_font_size=&#8221;48px&#8221; header_2_line_height=&#8221;1.4em&#8221; header_3_font=&#8221;Poppins||||||||&#8221; text_orientation=&#8221;center&#8221; custom_margin=&#8221;||30px||false&#8221; custom_margin_tablet=&#8221;||0px|&#8221; custom_margin_phone=&#8221;&#8221; custom_margin_last_edited=&#8221;on|tablet&#8221; text_font_size_tablet=&#8221;35px&#8221; text_font_size_phone=&#8221;22px&#8221; text_font_size_last_edited=&#8221;on|desktop&#8221; header_2_font_tablet=&#8221;&#8221; header_2_font_phone=&#8221;&#8221; header_2_font_last_edited=&#8221;on|phone&#8221; header_2_font_size_tablet=&#8221;&#8221; header_2_font_size_phone=&#8221;24px&#8221; header_2_font_size_last_edited=&#8221;on|phone&#8221;]<\/p>\n<p>Fresado y perforaci\u00f3n<\/p>\n<h2>Descripci\u00f3n del m\u00f3dulo<\/h2>\n<p>[\/et_pb_text][et_pb_text _builder_version=&#8221;4.9.7&#8243; text_font=&#8221;||||||||&#8221; text_font_size=&#8221;16px&#8221; text_line_height=&#8221;1.8em&#8221; max_width=&#8221;700px&#8221; max_width_tablet=&#8221;&#8221; max_width_phone=&#8221;&#8221; max_width_last_edited=&#8221;on|phone&#8221; module_alignment=&#8221;center&#8221; locked=&#8221;off&#8221;]<\/p>\n<p>Se pueden simular los procesos de trabajo generados, as\u00ed como controlarse sus efectos en la pieza bruta de inmediato.<\/p>\n<p>Representaci\u00f3n gr\u00e1fica interactiva para el fresado de superficies seg\u00fan el contorno con detecci\u00f3n de la isla y un n\u00famero cualquiera de elementos de contorno. Se prescinde por completo del c\u00e1lculo de la pista de fresado. Adem\u00e1s, es posible mecanizar tanto movimientos de fresado concretos como superficies establecidas en el pol\u00edgono. Las rutas de posicionamiento se optimizan en cuanto al ciclo y a los lados durante la perforaci\u00f3n (optimizaci\u00f3n de herramientas y de secuencia).<\/p>\n<p>Adem\u00e1s, el torneado permite adaptar las secuencias de mecanizado ya creadas para otros contornos y piezas brutas (familias de piezas). Si la secuencia de mecanizado y las herramientas son similares, se puede ahorrar mucho tiempo al crear el programa.<\/p>\n<p>[\/et_pb_text][\/et_pb_column][\/et_pb_row][et_pb_row _builder_version=&#8221;4.0.7&#8243;][et_pb_column type=&#8221;4_4&#8243; _builder_version=&#8221;4.0.7&#8243;][et_pb_gallery gallery_ids=&#8221;11010,11009,11008,11007&#8243; _builder_version=&#8221;4.0.9&#8243; title_level=&#8221;h6&#8243; title_font=&#8221;Open Sans||||||||&#8221; title_font_size=&#8221;12px&#8221; caption_font=&#8221;Open Sans||||||||&#8221; caption_font_size=&#8221;10px&#8221; caption_line_height=&#8221;10px&#8221; box_shadow_style_image=&#8221;preset3&#8243;][\/et_pb_gallery][\/et_pb_column][\/et_pb_row][\/et_pb_section][et_pb_section fb_built=&#8221;1&#8243; module_id=&#8221;funktionen&#8221; _builder_version=&#8221;4.0.7&#8243; background_color=&#8221;#f2f2f2&#8243; da_disable_devices=&#8221;off|off|off&#8221; da_is_popup=&#8221;off&#8221; da_exit_intent=&#8221;off&#8221; da_has_close=&#8221;on&#8221; da_alt_close=&#8221;off&#8221; da_dark_close=&#8221;off&#8221; da_not_modal=&#8221;on&#8221; da_is_singular=&#8221;off&#8221; da_with_loader=&#8221;off&#8221; da_has_shadow=&#8221;on&#8221;][et_pb_row _builder_version=&#8221;4.0.7&#8243;][et_pb_column type=&#8221;4_4&#8243; _builder_version=&#8221;4.0.7&#8243;][et_pb_text content_tablet=&#8221;<\/p>\n<p>Arbeitsg\u00e4nge und<\/p>\n<h2>Funktionen<\/h2>\n<p>&#8221; content_phone=&#8221;<\/p>\n<p>Arbeitsg\u00e4nge und<\/p>\n<h2>Funktionen<\/h2>\n<p>&#8221; content_last_edited=&#8221;on|phone&#8221; _builder_version=&#8221;4.9.7&#8243; text_font=&#8221;||||||||&#8221; text_text_color=&#8221;rgba(0,0,0,0.02)&#8221; text_font_size=&#8221;65px&#8221; text_line_height=&#8221;0.2em&#8221; header_font=&#8221;||||||||&#8221; header_2_font=&#8221;Poppins||||||||&#8221; header_2_font_size=&#8221;48px&#8221; header_2_line_height=&#8221;1.4em&#8221; header_3_font=&#8221;Poppins||||||||&#8221; text_orientation=&#8221;center&#8221; custom_margin=&#8221;||30px||false&#8221; custom_margin_tablet=&#8221;||0px|&#8221; custom_margin_phone=&#8221;&#8221; custom_margin_last_edited=&#8221;on|tablet&#8221; text_font_size_tablet=&#8221;40px&#8221; text_font_size_phone=&#8221;25px&#8221; text_font_size_last_edited=&#8221;on|desktop&#8221; header_2_font_tablet=&#8221;&#8221; header_2_font_phone=&#8221;&#8221; header_2_font_last_edited=&#8221;on|phone&#8221; header_2_font_size_tablet=&#8221;&#8221; header_2_font_size_phone=&#8221;24px&#8221; header_2_font_size_last_edited=&#8221;on|phone&#8221; locked=&#8221;off&#8221;]<\/p>\n<p>Procesos de trabajo y <\/p>\n<h2>Funciones<\/h2>\n<p>[\/et_pb_text][\/et_pb_column][\/et_pb_row][et_pb_row column_structure=&#8221;1_2,1_2&#8243; _builder_version=&#8221;4.0.7&#8243; custom_margin=&#8221;-45px||||false|false&#8221; locked=&#8221;off&#8221;][et_pb_column type=&#8221;1_2&#8243; _builder_version=&#8221;4.0.7&#8243;][et_pb_text module_class=&#8221;wplo-bullet opus&#8221; _builder_version=&#8221;4.9.7&#8243;]<\/p>\n<ul>\n<li>Varios lados<\/li>\n<li>Mecanizado de la camisa del cilindro<\/li>\n<li>Fresado trocoidal de superficies de 5 ejes en la estancia<\/li>\n<li>Sujeci\u00f3n m\u00faltiple<\/li>\n<li>Transferencia de caracter\u00edsticas<\/li>\n<li>Plan de secuencia de trabajo para el fresado y la perforaci\u00f3n<\/li>\n<\/ul>\n<p>[\/et_pb_text][\/et_pb_column][et_pb_column type=&#8221;1_2&#8243; _builder_version=&#8221;4.0.7&#8243;][et_pb_text module_class=&#8221;wplo-bullet opus&#8221; _builder_version=&#8221;4.9.7&#8243; custom_margin_tablet=&#8221;-44px||||false|false&#8221; custom_margin_phone=&#8221;&#8221; custom_margin_last_edited=&#8221;on|phone&#8221;]<\/p>\n<ul>\n<li>Dise\u00f1o interactivo y optimizaci\u00f3n de los planes de producci\u00f3n y operativos<\/li>\n<li>Generaci\u00f3n de los bloques de NC de forma independiente al control<\/li>\n<li>Durante el c\u00e1lculo se tienen en cuenta las dimensiones de la pieza bruta y los contornos de sujeci\u00f3n<\/li>\n<\/ul>\n<p>[\/et_pb_text][\/et_pb_column][\/et_pb_row][\/et_pb_section][et_pb_section fb_built=&#8221;1&#8243; _builder_version=&#8221;4.3.4&#8243; da_disable_devices=&#8221;off|off|off&#8221; da_is_popup=&#8221;off&#8221; da_exit_intent=&#8221;off&#8221; da_has_close=&#8221;on&#8221; da_alt_close=&#8221;off&#8221; da_dark_close=&#8221;off&#8221; da_not_modal=&#8221;on&#8221; da_is_singular=&#8221;off&#8221; da_with_loader=&#8221;off&#8221; da_has_shadow=&#8221;on&#8221;][et_pb_row _builder_version=&#8221;4.3.4&#8243;][et_pb_column type=&#8221;4_4&#8243; _builder_version=&#8221;4.3.4&#8243;][et_pb_text _builder_version=&#8221;4.9.7&#8243; text_text_color=&#8221;#ffffff&#8221; background_color=&#8221;#9fc600&#8243; custom_padding=&#8221;20px||20px||true|false&#8221; link_option_url=&#8221;https:\/\/www.r-u-b.de\/es\/opus\/#opus_module&#8221; background_last_edited=&#8221;on|desktop&#8221; background__hover_enabled=&#8221;on|hover&#8221; background_color__hover=&#8221;#312783&#8243; background_enable_color__hover=&#8221;on&#8221;]<\/p>\n<p style=\"text-align: center;\"><strong>VER TODOS LOS M\u00d3DULOS DE OPUS<\/strong><\/p>\n<p>[\/et_pb_text][\/et_pb_column][\/et_pb_row][\/et_pb_section][et_pb_section fb_built=&#8221;1&#8243; custom_padding_last_edited=&#8221;off|desktop&#8221; admin_label=&#8221;Footer&#8221; _builder_version=&#8221;4.0.9&#8243; use_background_color_gradient=&#8221;on&#8221; background_color_gradient_start=&#8221;rgba(49,39,131,0.7)&#8221; background_color_gradient_end=&#8221;rgba(0,159,227,0.7)&#8221; background_color_gradient_direction=&#8221;140deg&#8221; background_color_gradient_overlays_image=&#8221;on&#8221; background_image=&#8221;https:\/\/www.r-u-b.de\/wp-content\/uploads\/2020\/01\/AdobeStock_299920066_cnc_OPUS-Head.jpeg&#8221; custom_margin=&#8221;|||&#8221; custom_padding=&#8221;120px|0px|120px|0px|true|false&#8221; custom_padding_tablet=&#8221;10vw||10vw||true&#8221; custom_padding_phone=&#8221;5vw||5vw||true&#8221; da_disable_devices=&#8221;off|off|off&#8221; locked=&#8221;off&#8221; da_is_popup=&#8221;off&#8221; da_exit_intent=&#8221;off&#8221; da_has_close=&#8221;on&#8221; da_alt_close=&#8221;off&#8221; da_dark_close=&#8221;off&#8221; da_not_modal=&#8221;on&#8221; da_is_singular=&#8221;off&#8221; da_with_loader=&#8221;off&#8221; da_has_shadow=&#8221;on&#8221;][et_pb_row _builder_version=&#8221;4.0.7&#8243; locked=&#8221;off&#8221;][et_pb_column type=&#8221;4_4&#8243; _builder_version=&#8221;4.0.7&#8243;][et_pb_text _builder_version=&#8221;4.9.7&#8243; text_text_color=&#8221;#ffffff&#8221;]<\/p>\n<p style=\"text-align: center;\">\u00bfInteresado? Escr\u00edbanos a trav\u00e9s de nuestro formulario de contacto.<\/p>\n<p>[\/et_pb_text][et_pb_button button_url=&#8221;\/es\/contacto&#8221; button_text=&#8221;formulario de contacto&#8221; button_alignment=&#8221;center&#8221; _builder_version=&#8221;4.9.7&#8243; custom_button=&#8221;on&#8221; button_text_size=&#8221;14px&#8221; button_text_color=&#8221;#ffffff&#8221; button_bg_color=&#8221;#9fc600&#8243; button_bg_color_gradient_start=&#8221;#ffa727&#8243; button_bg_color_gradient_end=&#8221;#FF8A3D&#8221; button_bg_color_gradient_direction=&#8221;90deg&#8221; button_border_width=&#8221;0px&#8221; button_border_radius=&#8221;0px&#8221; button_letter_spacing=&#8221;2px&#8221; button_font=&#8221;Open Sans|700||on|||||&#8221; button_use_icon=&#8221;off&#8221; custom_padding=&#8221;16px|32px|16px|32px|true|true&#8221; hover_enabled=&#8221;0&#8243; button_border_radius_hover=&#8221;100px&#8221; button_letter_spacing_hover=&#8221;5px&#8221; button_bg_color_hover=&#8221;#3980f9&#8243; locked=&#8221;off&#8221; button_text_size__hover_enabled=&#8221;off&#8221; button_one_text_size__hover_enabled=&#8221;off&#8221; button_two_text_size__hover_enabled=&#8221;off&#8221; button_text_color__hover_enabled=&#8221;off&#8221; button_one_text_color__hover_enabled=&#8221;off&#8221; button_two_text_color__hover_enabled=&#8221;off&#8221; button_border_width__hover_enabled=&#8221;off&#8221; button_one_border_width__hover_enabled=&#8221;off&#8221; button_two_border_width__hover_enabled=&#8221;off&#8221; button_border_color__hover_enabled=&#8221;off&#8221; button_one_border_color__hover_enabled=&#8221;off&#8221; button_two_border_color__hover_enabled=&#8221;off&#8221; button_border_radius__hover_enabled=&#8221;on|hover&#8221; button_border_radius__hover=&#8221;0px&#8221; button_one_border_radius__hover_enabled=&#8221;off&#8221; button_two_border_radius__hover_enabled=&#8221;off&#8221; button_letter_spacing__hover_enabled=&#8221;on&#8221; button_letter_spacing__hover=&#8221;2px&#8221; button_one_letter_spacing__hover_enabled=&#8221;off&#8221; button_two_letter_spacing__hover_enabled=&#8221;off&#8221; button_bg_color__hover_enabled=&#8221;on|hover&#8221; button_bg_color__hover=&#8221;#312783&#8243; button_one_bg_color__hover_enabled=&#8221;off&#8221; button_two_bg_color__hover_enabled=&#8221;off&#8221; button_bg_enable_color__hover=&#8221;on&#8221; sticky_enabled=&#8221;0&#8243;][\/et_pb_button][\/et_pb_column][\/et_pb_row][\/et_pb_section]<\/p>\n","protected":false},"excerpt":{"rendered":"<p>OPUS: m\u00f3dulo de Fresado y perforaci\u00f3nFresado y perforaci\u00f3n Descripci\u00f3n del m\u00f3duloSe pueden simular los procesos de trabajo generados, as\u00ed como controlarse sus efectos en la pieza bruta de inmediato. Representaci\u00f3n gr\u00e1fica interactiva para el fresado de superficies seg\u00fan el contorno con detecci\u00f3n de la isla y un n\u00famero cualquiera de elementos de contorno. Se prescinde [&hellip;]<\/p>\n","protected":false},"author":1,"featured_media":0,"parent":10976,"menu_order":0,"comment_status":"closed","ping_status":"closed","template":"","meta":{"_et_pb_use_builder":"on","_et_pb_old_content":"","_et_gb_content_width":"","footnotes":""},"class_list":["post-11004","page","type-page","status-publish","hentry"],"yoast_head":"<!-- This site is optimized with the Yoast SEO plugin v27.3 - https:\/\/yoast.com\/product\/yoast-seo-wordpress\/ -->\n<title>OPUS: Fresado y perforaci\u00f3n - R+B Entwicklungs- und Vertriebs GmbH<\/title>\n<meta name=\"description\" content=\"OPUS: m\u00f3dulo de Fresado y perforaci\u00f3n: las operaciones pueden simularse y comprobar inmediatamente los efectos en el blanco.\" \/>\n<meta name=\"robots\" content=\"index, follow, max-snippet:-1, max-image-preview:large, max-video-preview:-1\" \/>\n<link rel=\"canonical\" href=\"https:\/\/www.r-u-b.de\/es\/opus\/fresado-y-perforacion\/\" \/>\n<meta property=\"og:locale\" content=\"es_ES\" \/>\n<meta property=\"og:type\" content=\"article\" \/>\n<meta property=\"og:title\" content=\"OPUS: Fresado y perforaci\u00f3n - R+B Entwicklungs- und Vertriebs GmbH\" \/>\n<meta property=\"og:description\" content=\"OPUS: m\u00f3dulo de Fresado y perforaci\u00f3n: las operaciones pueden simularse y comprobar inmediatamente los efectos en el blanco.\" \/>\n<meta property=\"og:url\" content=\"https:\/\/www.r-u-b.de\/es\/opus\/fresado-y-perforacion\/\" \/>\n<meta property=\"og:site_name\" content=\"R+B Entwicklungs- und Vertriebs GmbH\" \/>\n<meta property=\"article:publisher\" content=\"https:\/\/www.facebook.com\/RuB.Entwicklung\/\" \/>\n<meta property=\"article:modified_time\" content=\"2021-07-12T10:46:33+00:00\" \/>\n<meta property=\"og:image\" content=\"https:\/\/www.r-u-b.de\/wp-content\/uploads\/2019\/10\/RB-Logo.jpg\" \/>\n\t<meta property=\"og:image:width\" content=\"230\" \/>\n\t<meta property=\"og:image:height\" content=\"219\" \/>\n\t<meta property=\"og:image:type\" content=\"image\/jpeg\" \/>\n<meta name=\"twitter:label1\" content=\"Tiempo de lectura\" \/>\n\t<meta name=\"twitter:data1\" content=\"8 minutos\" \/>\n<script type=\"application\/ld+json\" class=\"yoast-schema-graph\">{\"@context\":\"https:\\\/\\\/schema.org\",\"@graph\":[{\"@type\":\"WebPage\",\"@id\":\"https:\\\/\\\/www.r-u-b.de\\\/es\\\/opus\\\/fresado-y-perforacion\\\/\",\"url\":\"https:\\\/\\\/www.r-u-b.de\\\/es\\\/opus\\\/fresado-y-perforacion\\\/\",\"name\":\"OPUS: Fresado y perforaci\u00f3n - R+B Entwicklungs- und Vertriebs GmbH\",\"isPartOf\":{\"@id\":\"https:\\\/\\\/www.r-u-b.de\\\/es\\\/#website\"},\"datePublished\":\"2019-12-10T13:52:12+00:00\",\"dateModified\":\"2021-07-12T10:46:33+00:00\",\"description\":\"OPUS: m\u00f3dulo de Fresado y perforaci\u00f3n: las operaciones pueden simularse y comprobar inmediatamente los efectos en el blanco.\",\"breadcrumb\":{\"@id\":\"https:\\\/\\\/www.r-u-b.de\\\/es\\\/opus\\\/fresado-y-perforacion\\\/#breadcrumb\"},\"inLanguage\":\"es\",\"potentialAction\":[{\"@type\":\"ReadAction\",\"target\":[\"https:\\\/\\\/www.r-u-b.de\\\/es\\\/opus\\\/fresado-y-perforacion\\\/\"]}]},{\"@type\":\"BreadcrumbList\",\"@id\":\"https:\\\/\\\/www.r-u-b.de\\\/es\\\/opus\\\/fresado-y-perforacion\\\/#breadcrumb\",\"itemListElement\":[{\"@type\":\"ListItem\",\"position\":1,\"name\":\"Startseite\",\"item\":\"https:\\\/\\\/www.r-u-b.de\\\/es\\\/\"},{\"@type\":\"ListItem\",\"position\":2,\"name\":\"OPUS\",\"item\":\"https:\\\/\\\/www.r-u-b.de\\\/es\\\/opus\\\/\"},{\"@type\":\"ListItem\",\"position\":3,\"name\":\"Fresado y Perforacion\"}]},{\"@type\":\"WebSite\",\"@id\":\"https:\\\/\\\/www.r-u-b.de\\\/es\\\/#website\",\"url\":\"https:\\\/\\\/www.r-u-b.de\\\/es\\\/\",\"name\":\"R+B Entwicklungs- und Vertriebs GmbH\",\"description\":\"Software- und Prozessl\u00f6sungen f\u00fcr den Fertigungsbereich\",\"publisher\":{\"@id\":\"https:\\\/\\\/www.r-u-b.de\\\/es\\\/#organization\"},\"potentialAction\":[{\"@type\":\"SearchAction\",\"target\":{\"@type\":\"EntryPoint\",\"urlTemplate\":\"https:\\\/\\\/www.r-u-b.de\\\/es\\\/?s={search_term_string}\"},\"query-input\":{\"@type\":\"PropertyValueSpecification\",\"valueRequired\":true,\"valueName\":\"search_term_string\"}}],\"inLanguage\":\"es\"},{\"@type\":\"Organization\",\"@id\":\"https:\\\/\\\/www.r-u-b.de\\\/es\\\/#organization\",\"name\":\"R+B Entwicklungs- und Vertriebs GmbH\",\"url\":\"https:\\\/\\\/www.r-u-b.de\\\/es\\\/\",\"logo\":{\"@type\":\"ImageObject\",\"inLanguage\":\"es\",\"@id\":\"https:\\\/\\\/www.r-u-b.de\\\/es\\\/#\\\/schema\\\/logo\\\/image\\\/\",\"url\":\"https:\\\/\\\/www.r-u-b.de\\\/wp-content\\\/uploads\\\/2019\\\/10\\\/logo_RB.png\",\"contentUrl\":\"https:\\\/\\\/www.r-u-b.de\\\/wp-content\\\/uploads\\\/2019\\\/10\\\/logo_RB.png\",\"width\":108,\"height\":98,\"caption\":\"R+B Entwicklungs- und Vertriebs GmbH\"},\"image\":{\"@id\":\"https:\\\/\\\/www.r-u-b.de\\\/es\\\/#\\\/schema\\\/logo\\\/image\\\/\"},\"sameAs\":[\"https:\\\/\\\/www.facebook.com\\\/RuB.Entwicklung\\\/\",\"https:\\\/\\\/www.linkedin.com\\\/company\\\/r-&amp;-b-entwicklungs--und-vertriebs-gmbh\\\/\",\"https:\\\/\\\/www.youtube.com\\\/channel\\\/UC-FI5SwGxjynz0oAB19sJvQ\"]}]}<\/script>\n<!-- \/ Yoast SEO plugin. -->","yoast_head_json":{"title":"OPUS: Fresado y perforaci\u00f3n - R+B Entwicklungs- und Vertriebs GmbH","description":"OPUS: m\u00f3dulo de Fresado y perforaci\u00f3n: las operaciones pueden simularse y comprobar inmediatamente los efectos en el blanco.","robots":{"index":"index","follow":"follow","max-snippet":"max-snippet:-1","max-image-preview":"max-image-preview:large","max-video-preview":"max-video-preview:-1"},"canonical":"https:\/\/www.r-u-b.de\/es\/opus\/fresado-y-perforacion\/","og_locale":"es_ES","og_type":"article","og_title":"OPUS: Fresado y perforaci\u00f3n - R+B Entwicklungs- und Vertriebs GmbH","og_description":"OPUS: m\u00f3dulo de Fresado y perforaci\u00f3n: las operaciones pueden simularse y comprobar inmediatamente los efectos en el blanco.","og_url":"https:\/\/www.r-u-b.de\/es\/opus\/fresado-y-perforacion\/","og_site_name":"R+B Entwicklungs- und Vertriebs GmbH","article_publisher":"https:\/\/www.facebook.com\/RuB.Entwicklung\/","article_modified_time":"2021-07-12T10:46:33+00:00","og_image":[{"width":230,"height":219,"url":"https:\/\/www.r-u-b.de\/wp-content\/uploads\/2019\/10\/RB-Logo.jpg","type":"image\/jpeg"}],"twitter_misc":{"Tiempo de lectura":"8 minutos"},"schema":{"@context":"https:\/\/schema.org","@graph":[{"@type":"WebPage","@id":"https:\/\/www.r-u-b.de\/es\/opus\/fresado-y-perforacion\/","url":"https:\/\/www.r-u-b.de\/es\/opus\/fresado-y-perforacion\/","name":"OPUS: Fresado y perforaci\u00f3n - R+B Entwicklungs- und Vertriebs GmbH","isPartOf":{"@id":"https:\/\/www.r-u-b.de\/es\/#website"},"datePublished":"2019-12-10T13:52:12+00:00","dateModified":"2021-07-12T10:46:33+00:00","description":"OPUS: m\u00f3dulo de Fresado y perforaci\u00f3n: las operaciones pueden simularse y comprobar inmediatamente los efectos en el blanco.","breadcrumb":{"@id":"https:\/\/www.r-u-b.de\/es\/opus\/fresado-y-perforacion\/#breadcrumb"},"inLanguage":"es","potentialAction":[{"@type":"ReadAction","target":["https:\/\/www.r-u-b.de\/es\/opus\/fresado-y-perforacion\/"]}]},{"@type":"BreadcrumbList","@id":"https:\/\/www.r-u-b.de\/es\/opus\/fresado-y-perforacion\/#breadcrumb","itemListElement":[{"@type":"ListItem","position":1,"name":"Startseite","item":"https:\/\/www.r-u-b.de\/es\/"},{"@type":"ListItem","position":2,"name":"OPUS","item":"https:\/\/www.r-u-b.de\/es\/opus\/"},{"@type":"ListItem","position":3,"name":"Fresado y Perforacion"}]},{"@type":"WebSite","@id":"https:\/\/www.r-u-b.de\/es\/#website","url":"https:\/\/www.r-u-b.de\/es\/","name":"R+B Entwicklungs- und Vertriebs GmbH","description":"Software- und Prozessl\u00f6sungen f\u00fcr den Fertigungsbereich","publisher":{"@id":"https:\/\/www.r-u-b.de\/es\/#organization"},"potentialAction":[{"@type":"SearchAction","target":{"@type":"EntryPoint","urlTemplate":"https:\/\/www.r-u-b.de\/es\/?s={search_term_string}"},"query-input":{"@type":"PropertyValueSpecification","valueRequired":true,"valueName":"search_term_string"}}],"inLanguage":"es"},{"@type":"Organization","@id":"https:\/\/www.r-u-b.de\/es\/#organization","name":"R+B Entwicklungs- und Vertriebs GmbH","url":"https:\/\/www.r-u-b.de\/es\/","logo":{"@type":"ImageObject","inLanguage":"es","@id":"https:\/\/www.r-u-b.de\/es\/#\/schema\/logo\/image\/","url":"https:\/\/www.r-u-b.de\/wp-content\/uploads\/2019\/10\/logo_RB.png","contentUrl":"https:\/\/www.r-u-b.de\/wp-content\/uploads\/2019\/10\/logo_RB.png","width":108,"height":98,"caption":"R+B Entwicklungs- und Vertriebs GmbH"},"image":{"@id":"https:\/\/www.r-u-b.de\/es\/#\/schema\/logo\/image\/"},"sameAs":["https:\/\/www.facebook.com\/RuB.Entwicklung\/","https:\/\/www.linkedin.com\/company\/r-&amp;-b-entwicklungs--und-vertriebs-gmbh\/","https:\/\/www.youtube.com\/channel\/UC-FI5SwGxjynz0oAB19sJvQ"]}]}},"_links":{"self":[{"href":"https:\/\/www.r-u-b.de\/es\/wp-json\/wp\/v2\/pages\/11004","targetHints":{"allow":["GET"]}}],"collection":[{"href":"https:\/\/www.r-u-b.de\/es\/wp-json\/wp\/v2\/pages"}],"about":[{"href":"https:\/\/www.r-u-b.de\/es\/wp-json\/wp\/v2\/types\/page"}],"author":[{"embeddable":true,"href":"https:\/\/www.r-u-b.de\/es\/wp-json\/wp\/v2\/users\/1"}],"replies":[{"embeddable":true,"href":"https:\/\/www.r-u-b.de\/es\/wp-json\/wp\/v2\/comments?post=11004"}],"version-history":[{"count":0,"href":"https:\/\/www.r-u-b.de\/es\/wp-json\/wp\/v2\/pages\/11004\/revisions"}],"up":[{"embeddable":true,"href":"https:\/\/www.r-u-b.de\/es\/wp-json\/wp\/v2\/pages\/10976"}],"wp:attachment":[{"href":"https:\/\/www.r-u-b.de\/es\/wp-json\/wp\/v2\/media?parent=11004"}],"curies":[{"name":"wp","href":"https:\/\/api.w.org\/{rel}","templated":true}]}}