{"id":11155,"date":"2019-11-27T15:26:19","date_gmt":"2019-11-27T15:26:19","guid":{"rendered":"https:\/\/www.r-u-b.de\/acerca-de-nosotros\/referenz-von-heldeco\/"},"modified":"2021-07-09T15:30:59","modified_gmt":"2021-07-09T14:30:59","slug":"referencia-de-heldeco","status":"publish","type":"page","link":"https:\/\/www.r-u-b.de\/es\/acerca-de-nosotros\/referencia-de-heldeco\/","title":{"rendered":"Referencia de Heldeco"},"content":{"rendered":"<p>[et_pb_section fb_built=&#8221;1&#8243; _builder_version=&#8221;4.0.9&#8243; custom_margin=&#8221;30px||||false|false&#8221; top_divider_style=&#8221;mountains2&#8243; top_divider_color=&#8221;#009fe3&#8243; top_divider_height=&#8221;17%&#8221; top_divider_repeat=&#8221;0.8x&#8221; top_divider_arrangement=&#8221;above_content&#8221; top_divider_height_tablet=&#8221;15%&#8221; top_divider_height_phone=&#8221;12%&#8221; top_divider_height_last_edited=&#8221;on|phone&#8221; bottom_divider_color=&#8221;#00aeef&#8221; bottom_divider_height=&#8221;30%&#8221; bottom_divider_height_tablet=&#8221;140px&#8221; bottom_divider_height_phone=&#8221;90px&#8221; bottom_divider_height_last_edited=&#8221;on|phone&#8221; da_disable_devices=&#8221;off|off|off&#8221; da_is_popup=&#8221;off&#8221; da_exit_intent=&#8221;off&#8221; da_has_close=&#8221;on&#8221; da_alt_close=&#8221;off&#8221; da_dark_close=&#8221;off&#8221; da_not_modal=&#8221;on&#8221; da_is_singular=&#8221;off&#8221; da_with_loader=&#8221;off&#8221; da_has_shadow=&#8221;on&#8221;][et_pb_row admin_label=&#8221;\u00dcberschrift&#8221; _builder_version=&#8221;4.0.7&#8243;][et_pb_column type=&#8221;4_4&#8243; _builder_version=&#8221;4.0.7&#8243;][et_pb_text _builder_version=&#8221;4.9.7&#8243; header_font=&#8221;Poppins|600|||||||&#8221; header_line_height=&#8221;1.1em&#8221; custom_margin=&#8221;30px||||false|false&#8221; custom_padding=&#8221;100px||||false|false&#8221;]<\/p>\n<h1>HELDECO recurre a los encargados de resolver problemas de R+B<\/h1>\n<p>[\/et_pb_text][\/et_pb_column][\/et_pb_row][et_pb_row column_structure=&#8221;1_3,2_3&#8243; _builder_version=&#8221;4.0.7&#8243; custom_margin=&#8221;50px||||false|false&#8221;][et_pb_column type=&#8221;1_3&#8243; _builder_version=&#8221;4.0.7&#8243;][et_pb_image src=&#8221;https:\/\/www.r-u-b.de\/wp-content\/uploads\/2019\/12\/heldeco-logo.jpg&#8221; _builder_version=&#8221;4.0.9&#8243;][\/et_pb_image][\/et_pb_column][et_pb_column type=&#8221;2_3&#8243; _builder_version=&#8221;4.0.7&#8243;][et_pb_text _builder_version=&#8221;4.9.7&#8243; custom_margin=&#8221;||||false|false&#8221;]<\/p>\n<p>La empresa austr\u00edaca HELDECO CAD\/CAM Fertigungstechnik GmbH tambi\u00e9n recurre a los encargados de resolver problemas de R+B para adaptar la producci\u00f3n a las necesidades y para optimizarla. Con una superficie de producci\u00f3n de m\u00e1s de 2200 m\u00b2, la empresa fabrica, entre otras, piezas de precisi\u00f3n para la construcci\u00f3n de m\u00e1quinas e instalaciones, y recurre al control inteligente de R+N durante la planificaci\u00f3n y la aplicaci\u00f3n para garantizar precios asequibles con calidad excepcional.<\/p>\n<p>&nbsp;<\/p>\n<p><span style=\"color: #009fe3;\"><a href=\"http:\/\/www.heldeco.at\/\" target=\"_blank\" rel=\"noopener noreferrer\">www.heldeco.at<\/a><\/span><\/p>\n<p>[\/et_pb_text][\/et_pb_column][\/et_pb_row][et_pb_row admin_label=&#8221;Zitat&#8221; _builder_version=&#8221;4.0.7&#8243;][et_pb_column type=&#8221;4_4&#8243; _builder_version=&#8221;4.0.7&#8243;][et_pb_text _builder_version=&#8221;4.9.7&#8243; text_font=&#8221;Open Sans||||||||&#8221; text_font_size=&#8221;18px&#8221; text_line_height=&#8221;1.8em&#8221; link_font=&#8221;||||on||||&#8221; link_text_color=&#8221;#bdad9b&#8221; header_font=&#8221;Poppins|600|||||||&#8221; header_text_color=&#8221;#f47a55&#8243; header_font_size=&#8221;24px&#8221; header_2_font=&#8221;Josefin Sans|600|||||||&#8221; header_2_text_color=&#8221;#f47a55&#8243; header_2_font_size=&#8221;24px&#8221; header_3_font=&#8221;Poppins|600|||||||&#8221; header_3_text_color=&#8221;#666&#8243; header_3_font_size=&#8221;24px&#8221; header_4_font=&#8221;Josefin Sans|600|||||||&#8221; header_4_text_color=&#8221;#f47a55&#8243; header_4_font_size=&#8221;24px&#8221; header_5_font=&#8221;Josefin Sans|600|||||||&#8221; header_5_text_color=&#8221;#f47a55&#8243; header_5_font_size=&#8221;24px&#8221; header_6_font=&#8221;Josefin Sans|600|||||||&#8221; header_6_text_color=&#8221;#f47a55&#8243; header_6_font_size=&#8221;24px&#8221; custom_margin=&#8221;||40px|&#8221; custom_padding=&#8221;50px||0px||false|false&#8221;]<\/p>\n<blockquote>\n<p>La apertura y el lenguaje de programaci\u00f3n integrado de los productos de R+B nos han convencido, ya que satisfacen nuestras necesidades de programaci\u00f3n propia y adaptaci\u00f3n individual. La transici\u00f3n a la tecnolog\u00eda 3D del futuro y a las posibilidades situacionales que esta conlleva nos permiten ser m\u00e1s flexibles y productivos.<\/p>\n<p style=\"text-align: right;\">(HELMUT DETTENWEITZ, director)<\/p>\n<\/blockquote>\n<p>[\/et_pb_text][\/et_pb_column][\/et_pb_row][\/et_pb_section]<\/p>\n","protected":false},"excerpt":{"rendered":"<p>HELDECO recurre a los encargados de resolver problemas de R+BLa empresa austr\u00edaca HELDECO CAD\/CAM Fertigungstechnik GmbH tambi\u00e9n recurre a los encargados de resolver problemas de R+B para adaptar la producci\u00f3n a las necesidades y para optimizarla. Con una superficie de producci\u00f3n de m\u00e1s de 2200 m\u00b2, la empresa fabrica, entre otras, piezas de precisi\u00f3n para [&hellip;]<\/p>\n","protected":false},"author":1,"featured_media":0,"parent":11084,"menu_order":0,"comment_status":"closed","ping_status":"closed","template":"","meta":{"_et_pb_use_builder":"on","_et_pb_old_content":"","_et_gb_content_width":"","footnotes":""},"class_list":["post-11155","page","type-page","status-publish","hentry"],"yoast_head":"<!-- This site is optimized with the Yoast SEO plugin v27.3 - https:\/\/yoast.com\/product\/yoast-seo-wordpress\/ -->\n<title>Referencia de Heldeco - R+B Entwicklungs- und Vertriebs GmbH<\/title>\n<meta name=\"description\" content=\"HELDECO utiliza los solucionadores de problemas de R+B para adaptar y optimizar la producci\u00f3n a sus propias necesidades. Son m\u00e1s flexibles y m\u00e1s productivos.\" \/>\n<meta name=\"robots\" content=\"index, follow, max-snippet:-1, max-image-preview:large, max-video-preview:-1\" \/>\n<link rel=\"canonical\" href=\"https:\/\/www.r-u-b.de\/es\/acerca-de-nosotros\/referencia-de-heldeco\/\" \/>\n<meta property=\"og:locale\" content=\"es_ES\" \/>\n<meta property=\"og:type\" content=\"article\" \/>\n<meta property=\"og:title\" content=\"Referencia de Heldeco - R+B Entwicklungs- und Vertriebs GmbH\" \/>\n<meta property=\"og:description\" content=\"HELDECO utiliza los solucionadores de problemas de R+B para adaptar y optimizar la producci\u00f3n a sus propias necesidades. Son m\u00e1s flexibles y m\u00e1s productivos.\" \/>\n<meta property=\"og:url\" content=\"https:\/\/www.r-u-b.de\/es\/acerca-de-nosotros\/referencia-de-heldeco\/\" \/>\n<meta property=\"og:site_name\" content=\"R+B Entwicklungs- und Vertriebs GmbH\" \/>\n<meta property=\"article:publisher\" content=\"https:\/\/www.facebook.com\/RuB.Entwicklung\/\" \/>\n<meta property=\"article:modified_time\" content=\"2021-07-09T14:30:59+00:00\" \/>\n<meta property=\"og:image\" content=\"https:\/\/www.r-u-b.de\/wp-content\/uploads\/2019\/10\/RB-Logo.jpg\" \/>\n\t<meta property=\"og:image:width\" content=\"230\" \/>\n\t<meta property=\"og:image:height\" content=\"219\" \/>\n\t<meta property=\"og:image:type\" content=\"image\/jpeg\" \/>\n<meta name=\"twitter:label1\" content=\"Tiempo de lectura\" \/>\n\t<meta name=\"twitter:data1\" content=\"3 minutos\" \/>\n<script type=\"application\/ld+json\" class=\"yoast-schema-graph\">{\"@context\":\"https:\\\/\\\/schema.org\",\"@graph\":[{\"@type\":\"WebPage\",\"@id\":\"https:\\\/\\\/www.r-u-b.de\\\/es\\\/acerca-de-nosotros\\\/referencia-de-heldeco\\\/\",\"url\":\"https:\\\/\\\/www.r-u-b.de\\\/es\\\/acerca-de-nosotros\\\/referencia-de-heldeco\\\/\",\"name\":\"Referencia de Heldeco - R+B Entwicklungs- und Vertriebs GmbH\",\"isPartOf\":{\"@id\":\"https:\\\/\\\/www.r-u-b.de\\\/es\\\/#website\"},\"datePublished\":\"2019-11-27T15:26:19+00:00\",\"dateModified\":\"2021-07-09T14:30:59+00:00\",\"description\":\"HELDECO utiliza los solucionadores de problemas de R+B para adaptar y optimizar la producci\u00f3n a sus propias necesidades. Son m\u00e1s flexibles y m\u00e1s productivos.\",\"breadcrumb\":{\"@id\":\"https:\\\/\\\/www.r-u-b.de\\\/es\\\/acerca-de-nosotros\\\/referencia-de-heldeco\\\/#breadcrumb\"},\"inLanguage\":\"es\",\"potentialAction\":[{\"@type\":\"ReadAction\",\"target\":[\"https:\\\/\\\/www.r-u-b.de\\\/es\\\/acerca-de-nosotros\\\/referencia-de-heldeco\\\/\"]}]},{\"@type\":\"BreadcrumbList\",\"@id\":\"https:\\\/\\\/www.r-u-b.de\\\/es\\\/acerca-de-nosotros\\\/referencia-de-heldeco\\\/#breadcrumb\",\"itemListElement\":[{\"@type\":\"ListItem\",\"position\":1,\"name\":\"Startseite\",\"item\":\"https:\\\/\\\/www.r-u-b.de\\\/es\\\/\"},{\"@type\":\"ListItem\",\"position\":2,\"name\":\"acerca de nosotros\",\"item\":\"https:\\\/\\\/www.r-u-b.de\\\/es\\\/acerca-de-nosotros\\\/\"},{\"@type\":\"ListItem\",\"position\":3,\"name\":\"Referencia de Heldeco\"}]},{\"@type\":\"WebSite\",\"@id\":\"https:\\\/\\\/www.r-u-b.de\\\/es\\\/#website\",\"url\":\"https:\\\/\\\/www.r-u-b.de\\\/es\\\/\",\"name\":\"R+B Entwicklungs- und Vertriebs GmbH\",\"description\":\"Software- und Prozessl\u00f6sungen f\u00fcr den Fertigungsbereich\",\"publisher\":{\"@id\":\"https:\\\/\\\/www.r-u-b.de\\\/es\\\/#organization\"},\"potentialAction\":[{\"@type\":\"SearchAction\",\"target\":{\"@type\":\"EntryPoint\",\"urlTemplate\":\"https:\\\/\\\/www.r-u-b.de\\\/es\\\/?s={search_term_string}\"},\"query-input\":{\"@type\":\"PropertyValueSpecification\",\"valueRequired\":true,\"valueName\":\"search_term_string\"}}],\"inLanguage\":\"es\"},{\"@type\":\"Organization\",\"@id\":\"https:\\\/\\\/www.r-u-b.de\\\/es\\\/#organization\",\"name\":\"R+B Entwicklungs- und Vertriebs GmbH\",\"url\":\"https:\\\/\\\/www.r-u-b.de\\\/es\\\/\",\"logo\":{\"@type\":\"ImageObject\",\"inLanguage\":\"es\",\"@id\":\"https:\\\/\\\/www.r-u-b.de\\\/es\\\/#\\\/schema\\\/logo\\\/image\\\/\",\"url\":\"https:\\\/\\\/www.r-u-b.de\\\/wp-content\\\/uploads\\\/2019\\\/10\\\/logo_RB.png\",\"contentUrl\":\"https:\\\/\\\/www.r-u-b.de\\\/wp-content\\\/uploads\\\/2019\\\/10\\\/logo_RB.png\",\"width\":108,\"height\":98,\"caption\":\"R+B Entwicklungs- und Vertriebs GmbH\"},\"image\":{\"@id\":\"https:\\\/\\\/www.r-u-b.de\\\/es\\\/#\\\/schema\\\/logo\\\/image\\\/\"},\"sameAs\":[\"https:\\\/\\\/www.facebook.com\\\/RuB.Entwicklung\\\/\",\"https:\\\/\\\/www.linkedin.com\\\/company\\\/r-&amp;-b-entwicklungs--und-vertriebs-gmbh\\\/\",\"https:\\\/\\\/www.youtube.com\\\/channel\\\/UC-FI5SwGxjynz0oAB19sJvQ\"]}]}<\/script>\n<!-- \/ Yoast SEO plugin. -->","yoast_head_json":{"title":"Referencia de Heldeco - R+B Entwicklungs- und Vertriebs GmbH","description":"HELDECO utiliza los solucionadores de problemas de R+B para adaptar y optimizar la producci\u00f3n a sus propias necesidades. Son m\u00e1s flexibles y m\u00e1s productivos.","robots":{"index":"index","follow":"follow","max-snippet":"max-snippet:-1","max-image-preview":"max-image-preview:large","max-video-preview":"max-video-preview:-1"},"canonical":"https:\/\/www.r-u-b.de\/es\/acerca-de-nosotros\/referencia-de-heldeco\/","og_locale":"es_ES","og_type":"article","og_title":"Referencia de Heldeco - R+B Entwicklungs- und Vertriebs GmbH","og_description":"HELDECO utiliza los solucionadores de problemas de R+B para adaptar y optimizar la producci\u00f3n a sus propias necesidades. Son m\u00e1s flexibles y m\u00e1s productivos.","og_url":"https:\/\/www.r-u-b.de\/es\/acerca-de-nosotros\/referencia-de-heldeco\/","og_site_name":"R+B Entwicklungs- und Vertriebs GmbH","article_publisher":"https:\/\/www.facebook.com\/RuB.Entwicklung\/","article_modified_time":"2021-07-09T14:30:59+00:00","og_image":[{"width":230,"height":219,"url":"https:\/\/www.r-u-b.de\/wp-content\/uploads\/2019\/10\/RB-Logo.jpg","type":"image\/jpeg"}],"twitter_misc":{"Tiempo de lectura":"3 minutos"},"schema":{"@context":"https:\/\/schema.org","@graph":[{"@type":"WebPage","@id":"https:\/\/www.r-u-b.de\/es\/acerca-de-nosotros\/referencia-de-heldeco\/","url":"https:\/\/www.r-u-b.de\/es\/acerca-de-nosotros\/referencia-de-heldeco\/","name":"Referencia de Heldeco - R+B Entwicklungs- und Vertriebs GmbH","isPartOf":{"@id":"https:\/\/www.r-u-b.de\/es\/#website"},"datePublished":"2019-11-27T15:26:19+00:00","dateModified":"2021-07-09T14:30:59+00:00","description":"HELDECO utiliza los solucionadores de problemas de R+B para adaptar y optimizar la producci\u00f3n a sus propias necesidades. Son m\u00e1s flexibles y m\u00e1s productivos.","breadcrumb":{"@id":"https:\/\/www.r-u-b.de\/es\/acerca-de-nosotros\/referencia-de-heldeco\/#breadcrumb"},"inLanguage":"es","potentialAction":[{"@type":"ReadAction","target":["https:\/\/www.r-u-b.de\/es\/acerca-de-nosotros\/referencia-de-heldeco\/"]}]},{"@type":"BreadcrumbList","@id":"https:\/\/www.r-u-b.de\/es\/acerca-de-nosotros\/referencia-de-heldeco\/#breadcrumb","itemListElement":[{"@type":"ListItem","position":1,"name":"Startseite","item":"https:\/\/www.r-u-b.de\/es\/"},{"@type":"ListItem","position":2,"name":"acerca de nosotros","item":"https:\/\/www.r-u-b.de\/es\/acerca-de-nosotros\/"},{"@type":"ListItem","position":3,"name":"Referencia de Heldeco"}]},{"@type":"WebSite","@id":"https:\/\/www.r-u-b.de\/es\/#website","url":"https:\/\/www.r-u-b.de\/es\/","name":"R+B Entwicklungs- und Vertriebs GmbH","description":"Software- und Prozessl\u00f6sungen f\u00fcr den Fertigungsbereich","publisher":{"@id":"https:\/\/www.r-u-b.de\/es\/#organization"},"potentialAction":[{"@type":"SearchAction","target":{"@type":"EntryPoint","urlTemplate":"https:\/\/www.r-u-b.de\/es\/?s={search_term_string}"},"query-input":{"@type":"PropertyValueSpecification","valueRequired":true,"valueName":"search_term_string"}}],"inLanguage":"es"},{"@type":"Organization","@id":"https:\/\/www.r-u-b.de\/es\/#organization","name":"R+B Entwicklungs- und Vertriebs GmbH","url":"https:\/\/www.r-u-b.de\/es\/","logo":{"@type":"ImageObject","inLanguage":"es","@id":"https:\/\/www.r-u-b.de\/es\/#\/schema\/logo\/image\/","url":"https:\/\/www.r-u-b.de\/wp-content\/uploads\/2019\/10\/logo_RB.png","contentUrl":"https:\/\/www.r-u-b.de\/wp-content\/uploads\/2019\/10\/logo_RB.png","width":108,"height":98,"caption":"R+B Entwicklungs- und Vertriebs GmbH"},"image":{"@id":"https:\/\/www.r-u-b.de\/es\/#\/schema\/logo\/image\/"},"sameAs":["https:\/\/www.facebook.com\/RuB.Entwicklung\/","https:\/\/www.linkedin.com\/company\/r-&amp;-b-entwicklungs--und-vertriebs-gmbh\/","https:\/\/www.youtube.com\/channel\/UC-FI5SwGxjynz0oAB19sJvQ"]}]}},"_links":{"self":[{"href":"https:\/\/www.r-u-b.de\/es\/wp-json\/wp\/v2\/pages\/11155","targetHints":{"allow":["GET"]}}],"collection":[{"href":"https:\/\/www.r-u-b.de\/es\/wp-json\/wp\/v2\/pages"}],"about":[{"href":"https:\/\/www.r-u-b.de\/es\/wp-json\/wp\/v2\/types\/page"}],"author":[{"embeddable":true,"href":"https:\/\/www.r-u-b.de\/es\/wp-json\/wp\/v2\/users\/1"}],"replies":[{"embeddable":true,"href":"https:\/\/www.r-u-b.de\/es\/wp-json\/wp\/v2\/comments?post=11155"}],"version-history":[{"count":0,"href":"https:\/\/www.r-u-b.de\/es\/wp-json\/wp\/v2\/pages\/11155\/revisions"}],"up":[{"embeddable":true,"href":"https:\/\/www.r-u-b.de\/es\/wp-json\/wp\/v2\/pages\/11084"}],"wp:attachment":[{"href":"https:\/\/www.r-u-b.de\/es\/wp-json\/wp\/v2\/media?parent=11155"}],"curies":[{"name":"wp","href":"https:\/\/api.w.org\/{rel}","templated":true}]}}