{"id":11229,"date":"2019-10-27T12:04:37","date_gmt":"2019-10-27T12:04:37","guid":{"rendered":"https:\/\/www.r-u-b.de\/impressum\/"},"modified":"2024-06-04T12:42:56","modified_gmt":"2024-06-04T11:42:56","slug":"aviso-legal","status":"publish","type":"page","link":"https:\/\/www.r-u-b.de\/es\/aviso-legal\/","title":{"rendered":"Aviso legal"},"content":{"rendered":"<p>[et_pb_section fb_built=&#8221;1&#8243; admin_label=&#8221;section&#8221; _builder_version=&#8221;4.16&#8243; da_disable_devices=&#8221;off|off|off&#8221; global_colors_info=&#8221;{}&#8221; da_is_popup=&#8221;off&#8221; da_exit_intent=&#8221;off&#8221; da_has_close=&#8221;on&#8221; da_alt_close=&#8221;off&#8221; da_dark_close=&#8221;off&#8221; da_not_modal=&#8221;on&#8221; da_is_singular=&#8221;off&#8221; da_with_loader=&#8221;off&#8221; da_has_shadow=&#8221;on&#8221;][et_pb_row admin_label=&#8221;row&#8221; _builder_version=&#8221;4.16&#8243; background_size=&#8221;initial&#8221; background_position=&#8221;top_left&#8221; background_repeat=&#8221;repeat&#8221; global_colors_info=&#8221;{}&#8221;][et_pb_column type=&#8221;4_4&#8243; _builder_version=&#8221;4.16&#8243; custom_padding=&#8221;|||&#8221; global_colors_info=&#8221;{}&#8221; custom_padding__hover=&#8221;|||&#8221;][et_pb_text admin_label=&#8221;Text&#8221; _builder_version=&#8221;4.25.1&#8243; background_size=&#8221;initial&#8221; background_position=&#8221;top_left&#8221; background_repeat=&#8221;repeat&#8221; hover_enabled=&#8221;0&#8243; custom_css_free_form=&#8221;h2{||\tfont-size:1.6em!important;||\tfont-weight:600;||}||h1{||\tfont-size:1.8em!important;||  font-weight:600!important;||}||h3{||\tfont-size:1.2em!important;||  color:#152fa3;||font-weight:600!important;||}||h4{||\tfont-size:1.0em!important;||  color:#152fa3;||font-weight:600!important;||}||p {line-height:1.7em!important;}&#8221; global_colors_info=&#8221;{}&#8221; sticky_enabled=&#8221;0&#8243;]<\/p>\n<div style=\"margin-bottom: 100px;\">\n<h1>Site Notice<\/h1>\n<p>R+B Entwicklungs- und Vertriebs GmbH<br \/>Ringstra\u00dfe 17a<br \/>56307 Dernbach<\/p>\n<p>Commercial Register: HRB 12062<br \/>Registration court: Amtsgericht Montabaur<\/p>\n<p><strong>Represented by:<\/strong><br \/>Willibald M\u00fcller<\/p>\n<h2>Contact<\/h2>\n<p>Phone: 02689.9458-0<br \/>Telefax: 02689.9458-20<br \/>E-mail: i&#110;&#102;&#x6f;&#x40;r&#45;&#117;&#x2d;&#x62;&#x2e;d&#101;<\/p>\n<h2>VAT ID<\/h2>\n<p>Sales tax identification number according to Sect. 27 a of the Sales Tax Law:<br \/>Ust-Id-Nr. DE 149529289<\/p>\n<h2>EU dispute resolution<\/h2>\n<p>The European Commission provides a platform for online dispute resolution (ODR): <a href=\"https:\/\/ec.europa.eu\/consumers\/odr\/\" target=\"_blank\" rel=\"noopener noreferrer\">https:\/\/ec.europa.eu\/consumers\/odr\/<\/a>.<br \/>Our e-mail address can be found above in the site notice.<\/p>\n<h2>Dispute resolution proceedings in front of a consumer arbitration board<\/h2>\n<p>We are not willing or obliged to participate in dispute resolution proceedings in front of a consumer arbitration board.<\/p>\n<h3><span style=\"color: #152fa3; font-weight: 600;\">Liability for Links<\/span><\/h3>\n<p>Our offer includes links to external third party websites. We have no influence on the contents of those websites, therefore we cannot guarantee for those contents. Providers or administrators of linked websites are always responsible for their own contents.<\/p>\n<p>The linked websites had been checked for possible violations of law at the time of the establishment of the link. Illegal contents were not detected at the time of the linking. A permanent monitoring of the contents of linked websites cannot be imposed without reasonable indications that there has been a violation of law. Illegal links will be removed immediately at the time we get knowledge of them.<\/p>\n<h3><span style=\"color: #152fa3; font-weight: 600;\">Copyright<\/span><\/h3>\n<p>Contents and compilations published on these websites by the providers are subject to German copyright laws. Reproduction, editing, distribution as well as the use of any kind outside the scope of the copyright law require a written permission of the author or originator. Downloads and copies of these websites are permitted for private use only.<br \/>The commercial use of our contents without permission of the originator is prohibited.<\/p>\n<p>Copyright laws of third parties are respected as long as the contents on these websites do not originate from the provider. Contributions of third parties on this site are indicated as such. However, if you notice any violations of copyright law, please inform us. Such contents will be removed immediately.<\/p>\n<h3><span style=\"color: #152fa3; font-weight: 600;\">Copyright informations<\/span><\/h3>\n<p>Home Slider: ovocim &#8211; stock.adobe.com, zentilia &#8211; stock.adobe.com<br \/>Home: Gorodenkoff &#8211; stock.adobe.com, JLO_FOTO &#8211; stock.adobe.com, fatihyalcin &#8211; stock.adobe.com<br \/>FORB: auremar &#8211; stock.adobe.com<br \/>TICC: jirsak &#8211; stock.adobe.com, zentilia &#8211; stock.adobe.com, icons:&#98;j&#x6f;e&#x72;n&#x40;o&#x6c;&#100;&#x73;&#101;&#x6e;&#46;&#x64;&#101;<br \/>OPUS: H_Ko &#8211; stock.adobe.com<br \/>OPUS-clever bits: OPUS<br \/>OPUS Feature: OPUS<br \/>OPUS-Milling tool Trochoidal: OPUS<br \/>OPUS-Milling and drilling all: OPUS<br \/>OPUS-Tool management: OPUS<br \/>OPUS-Wire erosion all: OPUS<br \/>OPUS-MDE Screenshots: OPUS<br \/>About us: koya979 &#8211; stock.adobe.com, 2x kasto &#8211; stock.adobe.com,FERNANDO &#8211; stock.adobe.com<br \/>Careers: 302665136 &#8211; stock.adobe.com, AntonioDiaz &#8211; stock.adobe.com<br \/>Sales partners: zothen &#8211; stock.adobe.com, JLO_FOTO &#8211; stock.adobe.com, zentilia &#8211; stock.adobe.com<\/p>\n<p>All other images: R+B<\/p>\n<h3><span style=\"color: #152fa3; font-weight: 600;\">Concept &amp; design<\/span><\/h3>\n<p>Bildwert Britta Hilpert<\/p>\n<p>Im Grauert 18<br \/>56235 Ransbach-Baumbach<\/p>\n<p>026 23 &#8211; 92 99 42 9<br \/>&#107;&#x6f;n&#116;&#x61;k&#116;&#x40;b&#x69;&#x6c;&#100;&#x77;e&#114;&#x74;-&#104;&#x69;l&#x70;&#x65;&#114;&#x74;&#x2e;&#100;&#x65;<br \/><a href=\"https:\/\/bildwert-hilpert.de\" target=\"_blank\" rel=\"noopener\">bildwert-hilpert.de<\/a><\/p>\n<\/div>\n<p>[\/et_pb_text][\/et_pb_column][\/et_pb_row][\/et_pb_section]<\/p>\n","protected":false},"excerpt":{"rendered":"<p>Site Notice R+B Entwicklungs- und Vertriebs GmbHRingstra\u00dfe 17a56307 Dernbach Commercial Register: HRB 12062Registration court: Amtsgericht Montabaur Represented by:Willibald M\u00fcller Contact Phone: 02689.9458-0Telefax: 02689.9458-20E-mail: &#105;&#x6e;f&#x6f;&#x40;&#114;&#x2d;u&#45;&#x62;&#46;&#x64;e VAT ID Sales tax identification number according to Sect. 27 a of the Sales Tax Law:Ust-Id-Nr. DE 149529289 EU dispute resolution The European Commission provides a platform for online dispute resolution [&hellip;]<\/p>\n","protected":false},"author":1,"featured_media":0,"parent":0,"menu_order":0,"comment_status":"closed","ping_status":"closed","template":"","meta":{"_et_pb_use_builder":"on","_et_pb_old_content":"<div style=\"margin-bottom:100px\";>\r\n<h2><span style=\"font-size:32px; font-weight: 600\";>Angaben gem\u00e4\u00df \u00a7 5 TMG<\/span><\/h2>\r\n<p>R+B Entwicklungs- und Vertriebs GmbH<br \/>\r\nRingstra\u00dfe 17a<br \/>\r\n56307 Dernbach<\/p>\r\n\r\n<p>Handelsregister: HRB 12062<br \/>\r\nRegistergericht: Amtsgericht Montabaur<\/p>\r\n\r\n<p><strong>Vertreten durch:<\/strong><br \/>\r\nWillibald M\u00fcller<\/p>\r\n\r\n<h2><span style=\"font-size:34px; font-weight: 600\";>Kontakt<\/span><\/h2>\r\n<p>Telefon: 02689.9458-0<br \/>\r\nTelefax: 02689.9458-20<br \/>\r\nE-Mail: info@r-u-b.de<\/p>\r\n\r\n<h2><span style=\"font-size:34px; font-weight: 600\";>Umsatzsteuer-ID<\/span><\/h2>\r\n<p>Umsatzsteuer-Identifikationsnummer gem\u00e4\u00df \u00a7 27 a Umsatzsteuergesetz:<br \/>\r\nUst-Id-Nr. DE 149529289<\/p>\r\n\r\n<h2><span style=\"font-size:34px; font-weight: 600\";>EU-Streitschlichtung<\/span><\/h2>\r\n<p>Die Europ\u00e4ische Kommission stellt eine Plattform zur Online-Streitbeilegung (OS) bereit: <a href=\"https:\/\/ec.europa.eu\/consumers\/odr\" target=\"_blank\" rel=\"noopener noreferrer\">https:\/\/ec.europa.eu\/consumers\/odr<\/a>.<br \/> Unsere E-Mail-Adresse finden Sie oben im Impressum.<\/p>\r\n\r\n<h2><span style=\"font-size:34px; font-weight: 600\";>Verbraucher\u00adstreit\u00adbeilegung\/Universal\u00adschlichtungs\u00adstelle<\/span><\/h2>\r\n<p>Wir sind nicht bereit oder verpflichtet, an Streitbeilegungsverfahren vor einer Verbraucherschlichtungsstelle teilzunehmen.<\/p>\r\n\r\n<h3><span style=\"color:#152fa3; font-weight:600\";>Haftung f\u00fcr Inhalte<\/span><\/h3> <p>Als Diensteanbieter sind wir gem\u00e4\u00df \u00a7 7 Abs.1 TMG f\u00fcr eigene Inhalte auf diesen Seiten nach den allgemeinen Gesetzen verantwortlich. Nach \u00a7\u00a7 8 bis 10 TMG sind wir als Diensteanbieter jedoch nicht verpflichtet, \u00fcbermittelte oder gespeicherte fremde Informationen zu \u00fcberwachen oder nach Umst\u00e4nden zu forschen, die auf eine rechtswidrige T\u00e4tigkeit hinweisen.<\/p> <p>Verpflichtungen zur Entfernung oder Sperrung der Nutzung von Informationen nach den allgemeinen Gesetzen bleiben hiervon unber\u00fchrt. Eine diesbez\u00fcgliche Haftung ist jedoch erst ab dem Zeitpunkt der Kenntnis einer konkreten Rechtsverletzung m\u00f6glich. Bei Bekanntwerden von entsprechenden Rechtsverletzungen werden wir diese Inhalte umgehend entfernen.<\/p> <h3><span style=\"color:#152fa3; font-weight:600\";>Haftung f\u00fcr Links<\/span><\/h3> <p>Unser Angebot enth\u00e4lt Links zu externen Websites Dritter, auf deren Inhalte wir keinen Einfluss haben. Deshalb k\u00f6nnen wir f\u00fcr diese fremden Inhalte auch keine Gew\u00e4hr \u00fcbernehmen. F\u00fcr die Inhalte der verlinkten Seiten ist stets der jeweilige Anbieter oder Betreiber der Seiten verantwortlich. Die verlinkten Seiten wurden zum Zeitpunkt der Verlinkung auf m\u00f6gliche Rechtsverst\u00f6\u00dfe \u00fcberpr\u00fcft. Rechtswidrige Inhalte waren zum Zeitpunkt der Verlinkung nicht erkennbar.<\/p> <p>Eine permanente inhaltliche Kontrolle der verlinkten Seiten ist jedoch ohne konkrete Anhaltspunkte einer Rechtsverletzung nicht zumutbar. Bei Bekanntwerden von Rechtsverletzungen werden wir derartige Links umgehend entfernen.<\/p> <h3><span style=\"color:#152fa3; font-weight:600\";>Urheberrecht<\/span><\/h3> <p>Die durch die Seitenbetreiber erstellten Inhalte und Werke auf diesen Seiten unterliegen dem deutschen Urheberrecht. Die Vervielf\u00e4ltigung, Bearbeitung, Verbreitung und jede Art der Verwertung au\u00dferhalb der Grenzen des Urheberrechtes bed\u00fcrfen der schriftlichen Zustimmung des jeweiligen Autors bzw. Erstellers. Downloads und Kopien dieser Seite sind nur f\u00fcr den privaten, nicht kommerziellen Gebrauch gestattet.<\/p> <p>Soweit die Inhalte auf dieser Seite nicht vom Betreiber erstellt wurden, werden die Urheberrechte Dritter beachtet. Insbesondere werden Inhalte Dritter als solche gekennzeichnet. Sollten Sie trotzdem auf eine Urheberrechtsverletzung aufmerksam werden, bitten wir um einen entsprechenden Hinweis. Bei Bekanntwerden von Rechtsverletzungen werden wir derartige Inhalte umgehend entfernen.<\/p>\r\n\r\n<h3><span style=\"color:#152fa3; font-weight:600\";>Urhebernachweise<\/span><\/h3>\r\nStartseite Slider: ovocim - stock.adobe.com, zentilia - stock.adobe.com\r\nStartseite: Gorodenkoff - stock.adobe.com, JLO_FOTO - stock.adobe.com, fatihyalcin - stock.adobe.com\r\nFORB: auremar - stock.adobe.com\r\nTICC: jirsak - stock.adobe.com, zentilia - stock.adobe.com, icons:bjoern@oldsen.de\r\nOPUS: H_Ko - stock.adobe.com\r\nOPUS-clever bits: OPUS\r\nOPUS Feature: OPUS\r\nOPUS-Fr\u00e4steil Trochoidal: OPUS\r\nOPUS-Fr\u00e4s- und Bohrbearbeitung all: OPUS\r\nOPUS-Werkzeugverwaltung: OPUS\r\nOPUS-Drahterodieren all: OPUS\r\nOPUS-MDE Screenshots: OPUS\r\n\u00dcber uns: koya979 - stock.adobe.com, 2x kasto - stock.adobe.com,FERNANDO - stock.adobe.com\r\nJobs: 302665136 - stock.adobe.com, AntonioDiaz - stock.adobe.com\r\nVertriebspartner: zothen - stock.adobe.com, JLO_FOTO - stock.adobe.com, zentilia - stock.adobe.com\r\n\r\nAlle weiteren Abbildungen: R+B\r\n\r\n<h3><span style=\"color:#152fa3; font-weight:600\";>Konzept & Design<\/span><\/h3>\r\nwebandphoto.agency\r\nWebdesign und Fotografie\r\n\r\nEin Produkt von BildWert Britta Hilpert\r\nIm Grauert 18\r\n56235 Ransbach-Baumbach\r\n\r\n02623 \u2013 9299429\r\n01573 - 1709715\r\nmail@webandphoto.de\r\n<a href=\"https:\/\/www.webandphoto.agency\" target=\"_blank\" rel=\"noopener noreferrer\">www.webandphoto.agency<\/a>\r\n<\/div>","_et_gb_content_width":"","footnotes":""},"class_list":["post-11229","page","type-page","status-publish","hentry"],"yoast_head":"<!-- This site is optimized with the Yoast SEO plugin v27.3 - https:\/\/yoast.com\/product\/yoast-seo-wordpress\/ -->\n<title>Aviso legal - R+B Entwicklungs- und Vertriebs GmbH<\/title>\n<meta name=\"description\" content=\"R+B Entwicklungs- und Vertriebs GmbH, Ringstra\u00dfe 17a, 56307 Dernbach, Germany Phone: +49 2689.9458-0 E-mail: info@r-u-b.de\" \/>\n<meta name=\"robots\" content=\"index, follow, max-snippet:-1, max-image-preview:large, max-video-preview:-1\" \/>\n<link rel=\"canonical\" href=\"https:\/\/www.r-u-b.de\/es\/aviso-legal\/\" \/>\n<meta property=\"og:locale\" content=\"es_ES\" \/>\n<meta property=\"og:type\" content=\"article\" \/>\n<meta property=\"og:title\" content=\"Aviso legal - R+B Entwicklungs- und Vertriebs GmbH\" \/>\n<meta property=\"og:description\" content=\"R+B Entwicklungs- und Vertriebs GmbH, Ringstra\u00dfe 17a, 56307 Dernbach, Germany Phone: +49 2689.9458-0 E-mail: info@r-u-b.de\" \/>\n<meta property=\"og:url\" content=\"https:\/\/www.r-u-b.de\/es\/aviso-legal\/\" \/>\n<meta property=\"og:site_name\" content=\"R+B Entwicklungs- und Vertriebs GmbH\" \/>\n<meta property=\"article:publisher\" content=\"https:\/\/www.facebook.com\/RuB.Entwicklung\/\" \/>\n<meta property=\"article:modified_time\" content=\"2024-06-04T11:42:56+00:00\" \/>\n<meta property=\"og:image\" content=\"https:\/\/www.r-u-b.de\/wp-content\/uploads\/2019\/10\/RB-Logo.jpg\" \/>\n\t<meta property=\"og:image:width\" content=\"230\" \/>\n\t<meta property=\"og:image:height\" content=\"219\" \/>\n\t<meta property=\"og:image:type\" content=\"image\/jpeg\" \/>\n<meta name=\"twitter:label1\" content=\"Tiempo de lectura\" \/>\n\t<meta name=\"twitter:data1\" content=\"3 minutos\" \/>\n<script type=\"application\/ld+json\" class=\"yoast-schema-graph\">{\"@context\":\"https:\\\/\\\/schema.org\",\"@graph\":[{\"@type\":\"WebPage\",\"@id\":\"https:\\\/\\\/www.r-u-b.de\\\/es\\\/aviso-legal\\\/\",\"url\":\"https:\\\/\\\/www.r-u-b.de\\\/es\\\/aviso-legal\\\/\",\"name\":\"Aviso legal - R+B Entwicklungs- und Vertriebs GmbH\",\"isPartOf\":{\"@id\":\"https:\\\/\\\/www.r-u-b.de\\\/es\\\/#website\"},\"datePublished\":\"2019-10-27T12:04:37+00:00\",\"dateModified\":\"2024-06-04T11:42:56+00:00\",\"description\":\"R+B Entwicklungs- und Vertriebs GmbH, Ringstra\u00dfe 17a, 56307 Dernbach, Germany Phone: +49 2689.9458-0 E-mail: info@r-u-b.de\",\"breadcrumb\":{\"@id\":\"https:\\\/\\\/www.r-u-b.de\\\/es\\\/aviso-legal\\\/#breadcrumb\"},\"inLanguage\":\"es\",\"potentialAction\":[{\"@type\":\"ReadAction\",\"target\":[\"https:\\\/\\\/www.r-u-b.de\\\/es\\\/aviso-legal\\\/\"]}]},{\"@type\":\"BreadcrumbList\",\"@id\":\"https:\\\/\\\/www.r-u-b.de\\\/es\\\/aviso-legal\\\/#breadcrumb\",\"itemListElement\":[{\"@type\":\"ListItem\",\"position\":1,\"name\":\"Startseite\",\"item\":\"https:\\\/\\\/www.r-u-b.de\\\/es\\\/\"},{\"@type\":\"ListItem\",\"position\":2,\"name\":\"Aviso legal\"}]},{\"@type\":\"WebSite\",\"@id\":\"https:\\\/\\\/www.r-u-b.de\\\/es\\\/#website\",\"url\":\"https:\\\/\\\/www.r-u-b.de\\\/es\\\/\",\"name\":\"R+B Entwicklungs- und Vertriebs GmbH\",\"description\":\"Software- und Prozessl\u00f6sungen f\u00fcr den Fertigungsbereich\",\"publisher\":{\"@id\":\"https:\\\/\\\/www.r-u-b.de\\\/es\\\/#organization\"},\"potentialAction\":[{\"@type\":\"SearchAction\",\"target\":{\"@type\":\"EntryPoint\",\"urlTemplate\":\"https:\\\/\\\/www.r-u-b.de\\\/es\\\/?s={search_term_string}\"},\"query-input\":{\"@type\":\"PropertyValueSpecification\",\"valueRequired\":true,\"valueName\":\"search_term_string\"}}],\"inLanguage\":\"es\"},{\"@type\":\"Organization\",\"@id\":\"https:\\\/\\\/www.r-u-b.de\\\/es\\\/#organization\",\"name\":\"R+B Entwicklungs- und Vertriebs GmbH\",\"url\":\"https:\\\/\\\/www.r-u-b.de\\\/es\\\/\",\"logo\":{\"@type\":\"ImageObject\",\"inLanguage\":\"es\",\"@id\":\"https:\\\/\\\/www.r-u-b.de\\\/es\\\/#\\\/schema\\\/logo\\\/image\\\/\",\"url\":\"https:\\\/\\\/www.r-u-b.de\\\/wp-content\\\/uploads\\\/2019\\\/10\\\/logo_RB.png\",\"contentUrl\":\"https:\\\/\\\/www.r-u-b.de\\\/wp-content\\\/uploads\\\/2019\\\/10\\\/logo_RB.png\",\"width\":108,\"height\":98,\"caption\":\"R+B Entwicklungs- und Vertriebs GmbH\"},\"image\":{\"@id\":\"https:\\\/\\\/www.r-u-b.de\\\/es\\\/#\\\/schema\\\/logo\\\/image\\\/\"},\"sameAs\":[\"https:\\\/\\\/www.facebook.com\\\/RuB.Entwicklung\\\/\",\"https:\\\/\\\/www.linkedin.com\\\/company\\\/r-&amp;-b-entwicklungs--und-vertriebs-gmbh\\\/\",\"https:\\\/\\\/www.youtube.com\\\/channel\\\/UC-FI5SwGxjynz0oAB19sJvQ\"]}]}<\/script>\n<!-- \/ Yoast SEO plugin. -->","yoast_head_json":{"title":"Aviso legal - R+B Entwicklungs- und Vertriebs GmbH","description":"R+B Entwicklungs- und Vertriebs GmbH, Ringstra\u00dfe 17a, 56307 Dernbach, Germany Phone: +49 2689.9458-0 E-mail: info@r-u-b.de","robots":{"index":"index","follow":"follow","max-snippet":"max-snippet:-1","max-image-preview":"max-image-preview:large","max-video-preview":"max-video-preview:-1"},"canonical":"https:\/\/www.r-u-b.de\/es\/aviso-legal\/","og_locale":"es_ES","og_type":"article","og_title":"Aviso legal - R+B Entwicklungs- und Vertriebs GmbH","og_description":"R+B Entwicklungs- und Vertriebs GmbH, Ringstra\u00dfe 17a, 56307 Dernbach, Germany Phone: +49 2689.9458-0 E-mail: info@r-u-b.de","og_url":"https:\/\/www.r-u-b.de\/es\/aviso-legal\/","og_site_name":"R+B Entwicklungs- und Vertriebs GmbH","article_publisher":"https:\/\/www.facebook.com\/RuB.Entwicklung\/","article_modified_time":"2024-06-04T11:42:56+00:00","og_image":[{"width":230,"height":219,"url":"https:\/\/www.r-u-b.de\/wp-content\/uploads\/2019\/10\/RB-Logo.jpg","type":"image\/jpeg"}],"twitter_misc":{"Tiempo de lectura":"3 minutos"},"schema":{"@context":"https:\/\/schema.org","@graph":[{"@type":"WebPage","@id":"https:\/\/www.r-u-b.de\/es\/aviso-legal\/","url":"https:\/\/www.r-u-b.de\/es\/aviso-legal\/","name":"Aviso legal - R+B Entwicklungs- und Vertriebs GmbH","isPartOf":{"@id":"https:\/\/www.r-u-b.de\/es\/#website"},"datePublished":"2019-10-27T12:04:37+00:00","dateModified":"2024-06-04T11:42:56+00:00","description":"R+B Entwicklungs- und Vertriebs GmbH, Ringstra\u00dfe 17a, 56307 Dernbach, Germany Phone: +49 2689.9458-0 E-mail: info@r-u-b.de","breadcrumb":{"@id":"https:\/\/www.r-u-b.de\/es\/aviso-legal\/#breadcrumb"},"inLanguage":"es","potentialAction":[{"@type":"ReadAction","target":["https:\/\/www.r-u-b.de\/es\/aviso-legal\/"]}]},{"@type":"BreadcrumbList","@id":"https:\/\/www.r-u-b.de\/es\/aviso-legal\/#breadcrumb","itemListElement":[{"@type":"ListItem","position":1,"name":"Startseite","item":"https:\/\/www.r-u-b.de\/es\/"},{"@type":"ListItem","position":2,"name":"Aviso legal"}]},{"@type":"WebSite","@id":"https:\/\/www.r-u-b.de\/es\/#website","url":"https:\/\/www.r-u-b.de\/es\/","name":"R+B Entwicklungs- und Vertriebs GmbH","description":"Software- und Prozessl\u00f6sungen f\u00fcr den Fertigungsbereich","publisher":{"@id":"https:\/\/www.r-u-b.de\/es\/#organization"},"potentialAction":[{"@type":"SearchAction","target":{"@type":"EntryPoint","urlTemplate":"https:\/\/www.r-u-b.de\/es\/?s={search_term_string}"},"query-input":{"@type":"PropertyValueSpecification","valueRequired":true,"valueName":"search_term_string"}}],"inLanguage":"es"},{"@type":"Organization","@id":"https:\/\/www.r-u-b.de\/es\/#organization","name":"R+B Entwicklungs- und Vertriebs GmbH","url":"https:\/\/www.r-u-b.de\/es\/","logo":{"@type":"ImageObject","inLanguage":"es","@id":"https:\/\/www.r-u-b.de\/es\/#\/schema\/logo\/image\/","url":"https:\/\/www.r-u-b.de\/wp-content\/uploads\/2019\/10\/logo_RB.png","contentUrl":"https:\/\/www.r-u-b.de\/wp-content\/uploads\/2019\/10\/logo_RB.png","width":108,"height":98,"caption":"R+B Entwicklungs- und Vertriebs GmbH"},"image":{"@id":"https:\/\/www.r-u-b.de\/es\/#\/schema\/logo\/image\/"},"sameAs":["https:\/\/www.facebook.com\/RuB.Entwicklung\/","https:\/\/www.linkedin.com\/company\/r-&amp;-b-entwicklungs--und-vertriebs-gmbh\/","https:\/\/www.youtube.com\/channel\/UC-FI5SwGxjynz0oAB19sJvQ"]}]}},"_links":{"self":[{"href":"https:\/\/www.r-u-b.de\/es\/wp-json\/wp\/v2\/pages\/11229","targetHints":{"allow":["GET"]}}],"collection":[{"href":"https:\/\/www.r-u-b.de\/es\/wp-json\/wp\/v2\/pages"}],"about":[{"href":"https:\/\/www.r-u-b.de\/es\/wp-json\/wp\/v2\/types\/page"}],"author":[{"embeddable":true,"href":"https:\/\/www.r-u-b.de\/es\/wp-json\/wp\/v2\/users\/1"}],"replies":[{"embeddable":true,"href":"https:\/\/www.r-u-b.de\/es\/wp-json\/wp\/v2\/comments?post=11229"}],"version-history":[{"count":4,"href":"https:\/\/www.r-u-b.de\/es\/wp-json\/wp\/v2\/pages\/11229\/revisions"}],"predecessor-version":[{"id":12044,"href":"https:\/\/www.r-u-b.de\/es\/wp-json\/wp\/v2\/pages\/11229\/revisions\/12044"}],"wp:attachment":[{"href":"https:\/\/www.r-u-b.de\/es\/wp-json\/wp\/v2\/media?parent=11229"}],"curies":[{"name":"wp","href":"https:\/\/api.w.org\/{rel}","templated":true}]}}